{"id":286,"date":"2023-03-31T10:01:13","date_gmt":"2023-03-31T08:01:13","guid":{"rendered":"http:\/\/uncopaincommelesautres.com\/uccla\/?page_id=286"},"modified":"2023-12-03T14:10:44","modified_gmt":"2023-12-03T13:10:44","slug":"benevoles","status":"publish","type":"page","link":"https:\/\/uncopaincommelesautres.com\/uccla\/index.php\/benevoles\/","title":{"rendered":"B\u00e9n\u00e9voles"},"content":{"rendered":"<p>[et_pb_section fb_built=\u00a0\u00bb1&Prime; _builder_version=\u00a0\u00bb4.20.4&Prime; _module_preset=\u00a0\u00bbdefault\u00a0\u00bb background_color=\u00a0\u00bb#edb18e\u00a0\u00bb min_height=\u00a0\u00bb170px\u00a0\u00bb custom_margin=\u00a0\u00bb0px||-70px||false|false\u00a0\u00bb custom_padding=\u00a0\u00bb10px||10px||false|false\u00a0\u00bb global_colors_info=\u00a0\u00bb{}\u00a0\u00bb][et_pb_row _builder_version=\u00a0\u00bb4.20.4&Prime; _module_preset=\u00a0\u00bbdefault\u00a0\u00bb min_height=\u00a0\u00bb73.8px\u00a0\u00bb custom_padding=\u00a0\u00bb46px|||||\u00a0\u00bb global_colors_info=\u00a0\u00bb{}\u00a0\u00bb][et_pb_column type=\u00a0\u00bb4_4&Prime; _builder_version=\u00a0\u00bb4.20.4&Prime; _module_preset=\u00a0\u00bbdefault\u00a0\u00bb global_colors_info=\u00a0\u00bb{}\u00a0\u00bb][et_pb_text _builder_version=\u00a0\u00bb4.21.0&Prime; _module_preset=\u00a0\u00bbdefault\u00a0\u00bb text_font=\u00a0\u00bbArial||||||||\u00a0\u00bb text_text_color=\u00a0\u00bb#ed6e00&Prime; text_font_size=\u00a0\u00bb50px\u00a0\u00bb text_orientation=\u00a0\u00bbcenter\u00a0\u00bb min_height=\u00a0\u00bb21px\u00a0\u00bb custom_margin=\u00a0\u00bb||-76px|||\u00a0\u00bb global_colors_info=\u00a0\u00bb{}\u00a0\u00bb]<\/p>\n<p>T\u00e9moignages<\/p>\n<p>&nbsp;<\/p>\n<p>[\/et_pb_text][\/et_pb_column][\/et_pb_row][\/et_pb_section][et_pb_section fb_built=\u00a0\u00bb1&Prime; _builder_version=\u00a0\u00bb4.21.0&Prime; _module_preset=\u00a0\u00bbdefault\u00a0\u00bb background_color=\u00a0\u00bbrgba(12,113,195,0.6)\u00a0\u00bb width=\u00a0\u00bb100%\u00a0\u00bb min_height=\u00a0\u00bb1315.6px\u00a0\u00bb custom_margin=\u00a0\u00bb-12px|||||\u00a0\u00bb custom_padding=\u00a0\u00bb42px||0px|||\u00a0\u00bb global_colors_info=\u00a0\u00bb{}\u00a0\u00bb][et_pb_row _builder_version=\u00a0\u00bb4.21.0&Prime; _module_preset=\u00a0\u00bbdefault\u00a0\u00bb background_color=\u00a0\u00bb#0C71C3&Prime; min_height=\u00a0\u00bb332px\u00a0\u00bb custom_margin=\u00a0\u00bb|auto|-20px|auto||\u00a0\u00bb custom_padding=\u00a0\u00bb||16px|||\u00a0\u00bb global_colors_info=\u00a0\u00bb{}\u00a0\u00bb][et_pb_column type=\u00a0\u00bb4_4&Prime; _builder_version=\u00a0\u00bb4.21.0&Prime; _module_preset=\u00a0\u00bbdefault\u00a0\u00bb global_colors_info=\u00a0\u00bb{}\u00a0\u00bb][et_pb_testimonial _builder_version=\u00a0\u00bb4.21.0&Prime; _module_preset=\u00a0\u00bbdefault\u00a0\u00bb background_color=\u00a0\u00bb#FFFFFF\u00a0\u00bb min_height=\u00a0\u00bb141px\u00a0\u00bb animation_style=\u00a0\u00bbfade\u00a0\u00bb animation_duration=\u00a0\u00bb1700ms\u00a0\u00bb inline_fonts=\u00a0\u00bbArial\u00a0\u00bb global_colors_info=\u00a0\u00bb{}\u00a0\u00bb]<\/p>\n<p><span style=\"font-family: Arial; font-weight: normal;\"><strong>Youna, une jeune t\u00e9moigne<\/strong> :\u00a0<\/span><\/p>\n<p><span style=\"font-family: Arial; font-weight: normal;\"><\/span><\/p>\n<p><span style=\"font-family: Arial; font-weight: normal;\">\u00ab\u00a0Je trouve que UCCLA, \u00e7a sert \u00e0 plein de choses : \u00e0 faire plus d\u2019activit\u00e9s. J\u2019aime bien la danse, le cirque, la musique. Avant je n&rsquo;ai jamais pu faire de la musique. C&rsquo;\u00e9tait trop dur. &lsquo;Y avait pas de place pour moi. Pourtant j&rsquo;en avais tr\u00e8s envie&#8230;\u00a0<\/span><\/p>\n<p><span style=\"font-family: Arial; font-weight: normal;\">C&rsquo;est trop bien aussi parce que je rencontre plein de monde : des nouveaux copains Simon et J\u00e9r\u00e9my et des nouvelles copines : Caroline et aussi des anciennes copines d&rsquo;\u00e9cole qui viennent faire les activit\u00e9s avec moi : Julia, Am\u00e9lie et Laura.<\/span><\/p>\n<p><span style=\"font-family: Arial; font-weight: normal;\">Moi j&rsquo;aime bien aussi quand on fait la f\u00eate ensemble : la boum de No\u00ebl ou la f\u00eate des 5 ans \u00e0 la Papini\u00e8re.C&rsquo;\u00e9tait trop dr\u00f4le de voir les parents danser avec mes tissus comme nous. J&rsquo;\u00e9tais morte de rire. J&rsquo;aime bien quand Dominique donne le planning des activit\u00e9s. Je note toutes mes sorties dans mon t\u00e9l\u00e9phone portable.\u00a0\u00bb<\/span><\/p>\n<p>[\/et_pb_testimonial][\/et_pb_column][\/et_pb_row][et_pb_row _builder_version=\u00a0\u00bb4.21.0&Prime; _module_preset=\u00a0\u00bbdefault\u00a0\u00bb background_color=\u00a0\u00bb#0C71C3&Prime; custom_padding=\u00a0\u00bb31px|||||\u00a0\u00bb global_colors_info=\u00a0\u00bb{}\u00a0\u00bb][et_pb_column type=\u00a0\u00bb4_4&Prime; _builder_version=\u00a0\u00bb4.21.0&Prime; _module_preset=\u00a0\u00bbdefault\u00a0\u00bb global_colors_info=\u00a0\u00bb{}\u00a0\u00bb][et_pb_testimonial _builder_version=\u00a0\u00bb4.21.0&Prime; _module_preset=\u00a0\u00bbdefault\u00a0\u00bb background_color=\u00a0\u00bb#FFFFFF\u00a0\u00bb min_height=\u00a0\u00bb130px\u00a0\u00bb custom_margin=\u00a0\u00bb||-26px|||\u00a0\u00bb animation_style=\u00a0\u00bbfade\u00a0\u00bb animation_duration=\u00a0\u00bb1700ms\u00a0\u00bb global_colors_info=\u00a0\u00bb{}\u00a0\u00bb inline_fonts=\u00a0\u00bbArial\u00a0\u00bb]<\/p>\n<p><span style=\"font-family: Arial;\"><strong>Gaylord, b\u00e9n\u00e9vole actif de l\u2019association, t\u00e9moigne :\u00a0<\/strong><\/span><\/p>\n<p><span style=\"font-weight: 400; font-family: Arial;\"><\/span><\/p>\n<p><span style=\"font-weight: 400; font-family: Arial;\">\u00ab\u00a0J\u2019ai connu l\u2019association un peu par hasard. Je venais de d\u00e9m\u00e9nager et j\u2019\u00e9tais perdu dans mes nouveaux rep\u00e8res, j\u2019ai cherch\u00e9 un endroit o\u00f9 m\u2019investir. J\u2019avais du temps et de l\u2019amour \u00e0 donner comme on dit. J\u2019ai donc d\u00e9march\u00e9 <span style=\"font-weight: normal; font-family: Arial;\">\u00ab Un Copain Comme Les Autres \u00bb<\/span>.<\/span><\/p>\n<p><span style=\"font-weight: 400; font-family: Arial;\">Ils ont radicalement chang\u00e9 ma vie et tous mes proches en t\u00e9moignent. Il y a un avant UCCLA et un apr\u00e8s. Et quand on me dit que je m&rsquo;investis beaucoup, je r\u00e9ponds que non, c&rsquo;est juste que je leur rends \u00e0 la m\u00eame hauteur que je re\u00e7ois. Quand les choses sont faites naturellement, on n&rsquo;a pas l&rsquo;impression que l&rsquo;implication est telle\u00a0\u00bb<\/span><\/p>\n<p><span style=\"font-weight: 400; font-family: Arial;\">\u00ab\u00a0Je ne les remercierai jamais assez, mes Copains Comme les Autres\u00a0\u00bb<\/span><\/p>\n<p>[\/et_pb_testimonial][\/et_pb_column][\/et_pb_row][et_pb_row _builder_version=\u00a0\u00bb4.21.0&Prime; _module_preset=\u00a0\u00bbdefault\u00a0\u00bb background_color=\u00a0\u00bb#0C71C3&Prime; min_height=\u00a0\u00bb564px\u00a0\u00bb custom_padding=\u00a0\u00bb||1px|||\u00a0\u00bb global_colors_info=\u00a0\u00bb{}\u00a0\u00bb][et_pb_column type=\u00a0\u00bb4_4&Prime; _builder_version=\u00a0\u00bb4.21.0&Prime; _module_preset=\u00a0\u00bbdefault\u00a0\u00bb global_colors_info=\u00a0\u00bb{}\u00a0\u00bb][et_pb_testimonial _builder_version=\u00a0\u00bb4.21.0&Prime; _module_preset=\u00a0\u00bbdefault\u00a0\u00bb background_color=\u00a0\u00bb#FFFFFF\u00a0\u00bb min_height=\u00a0\u00bb165px\u00a0\u00bb animation_style=\u00a0\u00bbfade\u00a0\u00bb animation_duration=\u00a0\u00bb1700ms\u00a0\u00bb global_colors_info=\u00a0\u00bb{}\u00a0\u00bb inline_fonts=\u00a0\u00bbArial\u00a0\u00bb]<\/p>\n<p><span style=\"font-family: Arial; font-weight: normal;\"><strong>Didier et Anne Lise Bliguet, parents t\u00e9moignent :<\/strong><\/span><\/p>\n<p><span style=\"font-weight: normal; font-family: Arial;\"><\/span><\/p>\n<p><span style=\"font-weight: normal; font-family: Arial;\">\u00ab\u00a0Quelle chance nous avons eue de d\u00e9couvrir, il y a trois ans, l&rsquo;association \u00ab Un Copain Comme Les Autres \u00bb apr\u00e8s des ann\u00e9es de vaines recherches d&rsquo;activit\u00e9s adapt\u00e9es pour notre fille Youna,17 ans, d\u00e9ficiente mentale.\u00a0<\/span><\/p>\n<p><span style=\"font-family: Arial; font-weight: normal;\">Elle a enfin pu s&rsquo;\u00e9panouir en pratiquant de nouvelles activit\u00e9s diverses et vari\u00e9es sans obstacle de comp\u00e9tition ou de performances physiques et sans la peur du jugement des autres. Elle a pu s&rsquo;enrichir de toutes les nouvelles relations avec ses copains de l&rsquo;association. \u00a0<\/span><\/p>\n<p><span style=\"font-weight: normal; font-family: Arial;\">Elle a pu r\u00e9aliser son v\u0153u le plus cher d&rsquo;adolescente; avoir une vie sociale riche et vari\u00e9e comme son fr\u00e8re.<\/span><\/p>\n<p><span style=\"font-weight: normal; font-family: Arial;\">Et pour nous parents, quelle chance de voir notre fille \u00e9panouie ! Cela all\u00e8ge la souffrance d&rsquo;avoir un enfant diff\u00e9rent \u00e0 laquelle s&rsquo;ajoute la douleur de la voir exclue des structures de sport et de loisirs existantes par manque de moyens financiers, humains et surtout par peur de la diff\u00e9rence.\u00a0<\/span><\/p>\n<p><span style=\"font-weight: normal; font-family: Arial;\">Nous appr\u00e9cions aussi beaucoup les relations amicales et chaleureuses qui se d\u00e9veloppent entre parents, b\u00e9n\u00e9voles et professionnels aussi. Ce tissu relationnel nous soutient, nourrit notre combat quotidien pour un monde un peu plus accueillant face \u00e0 la diff\u00e9rence. On apprend beaucoup les uns des autres.\u00a0<\/span><\/p>\n<p><span style=\"font-weight: normal; font-family: Arial;\">\u00ab Un Copain Comme Les Autres \u00bb, c&rsquo;est vraiment une association pas comme les autres.\u00a0<\/span><\/p>\n<p><span style=\"font-weight: normal; font-family: Arial;\">Merci \u00e0 tous du fond du c\u0153ur !\u00a0\u00bb<\/span><\/p>\n<p>[\/et_pb_testimonial][\/et_pb_column][\/et_pb_row][\/et_pb_section]<\/p>\n","protected":false},"excerpt":{"rendered":"<p>T\u00e9moignages &nbsp;Youna, une jeune t\u00e9moigne :\u00a0 \u00ab\u00a0Je trouve que UCCLA, \u00e7a sert \u00e0 plein de choses : \u00e0 faire plus d\u2019activit\u00e9s. J\u2019aime bien la danse, le cirque, la musique. Avant je n&rsquo;ai jamais pu faire de la musique. C&rsquo;\u00e9tait trop dur. &lsquo;Y avait pas de place pour moi. Pourtant j&rsquo;en avais tr\u00e8s envie&#8230;\u00a0 C&rsquo;est trop [&hellip;]<\/p>\n","protected":false},"author":4,"featured_media":0,"parent":0,"menu_order":0,"comment_status":"closed","ping_status":"closed","template":"","meta":{"_et_pb_use_builder":"on","_et_pb_old_content":"","_et_gb_content_width":"","footnotes":""},"class_list":["post-286","page","type-page","status-publish","hentry"],"_links":{"self":[{"href":"https:\/\/uncopaincommelesautres.com\/uccla\/index.php\/wp-json\/wp\/v2\/pages\/286","targetHints":{"allow":["GET"]}}],"collection":[{"href":"https:\/\/uncopaincommelesautres.com\/uccla\/index.php\/wp-json\/wp\/v2\/pages"}],"about":[{"href":"https:\/\/uncopaincommelesautres.com\/uccla\/index.php\/wp-json\/wp\/v2\/types\/page"}],"author":[{"embeddable":true,"href":"https:\/\/uncopaincommelesautres.com\/uccla\/index.php\/wp-json\/wp\/v2\/users\/4"}],"replies":[{"embeddable":true,"href":"https:\/\/uncopaincommelesautres.com\/uccla\/index.php\/wp-json\/wp\/v2\/comments?post=286"}],"version-history":[{"count":24,"href":"https:\/\/uncopaincommelesautres.com\/uccla\/index.php\/wp-json\/wp\/v2\/pages\/286\/revisions"}],"predecessor-version":[{"id":2622,"href":"https:\/\/uncopaincommelesautres.com\/uccla\/index.php\/wp-json\/wp\/v2\/pages\/286\/revisions\/2622"}],"wp:attachment":[{"href":"https:\/\/uncopaincommelesautres.com\/uccla\/index.php\/wp-json\/wp\/v2\/media?parent=286"}],"curies":[{"name":"wp","href":"https:\/\/api.w.org\/{rel}","templated":true}]}}