{"id":298,"date":"2023-03-31T10:07:39","date_gmt":"2023-03-31T08:07:39","guid":{"rendered":"http:\/\/uncopaincommelesautres.com\/uccla\/?page_id=298"},"modified":"2024-09-15T18:33:22","modified_gmt":"2024-09-15T16:33:22","slug":"intervenants","status":"publish","type":"page","link":"https:\/\/uncopaincommelesautres.com\/uccla\/index.php\/intervenants\/","title":{"rendered":"Intervenants"},"content":{"rendered":"<p>[et_pb_section fb_built=\u00a0\u00bb1&Prime; _builder_version=\u00a0\u00bb4.20.4&Prime; _module_preset=\u00a0\u00bbdefault\u00a0\u00bb background_color=\u00a0\u00bb#edb18e\u00a0\u00bb min_height=\u00a0\u00bb44.8px\u00a0\u00bb custom_margin=\u00a0\u00bb||||false|false\u00a0\u00bb custom_padding=\u00a0\u00bb10px||0px||false|false\u00a0\u00bb global_colors_info=\u00a0\u00bb{}\u00a0\u00bb][et_pb_row _builder_version=\u00a0\u00bb4.20.4&Prime; _module_preset=\u00a0\u00bbdefault\u00a0\u00bb min_height=\u00a0\u00bb67.8px\u00a0\u00bb custom_padding=\u00a0\u00bb47px||18px|||\u00a0\u00bb global_colors_info=\u00a0\u00bb{}\u00a0\u00bb][et_pb_column type=\u00a0\u00bb4_4&Prime; _builder_version=\u00a0\u00bb4.20.4&Prime; _module_preset=\u00a0\u00bbdefault\u00a0\u00bb global_colors_info=\u00a0\u00bb{}\u00a0\u00bb][et_pb_text _builder_version=\u00a0\u00bb4.23.1&Prime; _module_preset=\u00a0\u00bbdefault\u00a0\u00bb text_font=\u00a0\u00bbArial||||||||\u00a0\u00bb text_text_color=\u00a0\u00bb#ed6e00&Prime; text_font_size=\u00a0\u00bb50px\u00a0\u00bb text_orientation=\u00a0\u00bbcenter\u00a0\u00bb min_height=\u00a0\u00bb26.8px\u00a0\u00bb global_colors_info=\u00a0\u00bb{}\u00a0\u00bb]<\/p>\n<p>Intervenants<\/p>\n<p>[\/et_pb_text][\/et_pb_column][\/et_pb_row][\/et_pb_section][et_pb_section fb_built=\u00a0\u00bb1&Prime; _builder_version=\u00a0\u00bb4.21.0&Prime; _module_preset=\u00a0\u00bbdefault\u00a0\u00bb background_color=\u00a0\u00bbrgba(237,240,0,0.44)\u00a0\u00bb custom_padding=\u00a0\u00bb4px||10px|||\u00a0\u00bb animation_style=\u00a0\u00bbfade\u00a0\u00bb animation_duration=\u00a0\u00bb1700ms\u00a0\u00bb global_colors_info=\u00a0\u00bb{}\u00a0\u00bb][et_pb_row _builder_version=\u00a0\u00bb4.21.0&Prime; _module_preset=\u00a0\u00bbdefault\u00a0\u00bb global_colors_info=\u00a0\u00bb{}\u00a0\u00bb][et_pb_column type=\u00a0\u00bb4_4&Prime; _builder_version=\u00a0\u00bb4.21.0&Prime; _module_preset=\u00a0\u00bbdefault\u00a0\u00bb global_colors_info=\u00a0\u00bb{}\u00a0\u00bb][et_pb_testimonial author=\u00a0\u00bbL&rsquo;atelier de Danse est anim\u00e9 par Murielle Vasse, professeur de danse et chor\u00e9graphe de la compagnie Hamadryade\u00a0\u00bb _builder_version=\u00a0\u00bb4.21.0&Prime; _module_preset=\u00a0\u00bbdefault\u00a0\u00bb background_color=\u00a0\u00bb#FFFFFF\u00a0\u00bb min_height=\u00a0\u00bb141px\u00a0\u00bb global_colors_info=\u00a0\u00bb{}\u00a0\u00bb]<\/p>\n<p><span style=\"font-size: 14px;\">L&rsquo;objectif de l&rsquo;atelier est de pratiquer et d\u00e9couvrir le plaisir de la danse dans un milieu ouvert \u00e0 tous. La danse vise l&rsquo;acquisition des comp\u00e9tences et connaissances utiles pour mieux conna\u00eetre son corps et l&rsquo;utiliser pour s&rsquo;exprimer avec pour toile de fond, la recherche d&rsquo;un bien-\u00eatre par l&rsquo;\u00e9panouissement de soi. L&rsquo;id\u00e9e est de d\u00e9velopper la curiosit\u00e9 vers la cr\u00e9ation artistique en tant qu&rsquo;acteur mais aussi de spectateur.<\/span><\/p>\n<p>[\/et_pb_testimonial][\/et_pb_column][\/et_pb_row][\/et_pb_section][et_pb_section fb_built=\u00a0\u00bb1&Prime; _builder_version=\u00a0\u00bb4.21.0&Prime; _module_preset=\u00a0\u00bbdefault\u00a0\u00bb background_color=\u00a0\u00bbrgba(224,153,0,0.34)\u00a0\u00bb custom_padding=\u00a0\u00bb4px||10px|||\u00a0\u00bb animation_style=\u00a0\u00bbfade\u00a0\u00bb animation_duration=\u00a0\u00bb1700ms\u00a0\u00bb global_colors_info=\u00a0\u00bb{}\u00a0\u00bb][et_pb_row _builder_version=\u00a0\u00bb4.21.0&Prime; _module_preset=\u00a0\u00bbdefault\u00a0\u00bb global_colors_info=\u00a0\u00bb{}\u00a0\u00bb][et_pb_column type=\u00a0\u00bb4_4&Prime; _builder_version=\u00a0\u00bb4.21.0&Prime; _module_preset=\u00a0\u00bbdefault\u00a0\u00bb global_colors_info=\u00a0\u00bb{}\u00a0\u00bb][et_pb_testimonial author=\u00a0\u00bbActivit\u00e9 %22Loisirs physiques%22 anim\u00e9e par Thomas Lemerle \u00a0\u00bb _builder_version=\u00a0\u00bb4.21.0&Prime; _module_preset=\u00a0\u00bbdefault\u00a0\u00bb background_color=\u00a0\u00bb#FFFFFF\u00a0\u00bb min_height=\u00a0\u00bb141px\u00a0\u00bb global_colors_info=\u00a0\u00bb{}\u00a0\u00bb]<\/p>\n<p><span style=\"font-size: 14px;\">Dans cette activit\u00e9, la priorit\u00e9 pour moi est de faire en sorte que les enfants se d\u00e9pensent \u00e9nerg\u00e9tiquement parlant. Au travers des diff\u00e9rents exercices, les enfants vont d\u00e9couvrir leurs corps avec ses capacit\u00e9s mais aussi ses limites. Je suis persuad\u00e9 que ce type d&rsquo;activit\u00e9s apporte de nombreux bienfaits physiques mais aussi de nombreux bienfaits psychologiques et psychiques (\u00e9vacuation du stress, apprendre \u00e0 g\u00e9rer des situations nouvelles, le respect des <\/span><span style=\"font-size: 14px;\">r\u00e8gles, le respect des autres et travailler ensemble&#8230;). <\/span><span style=\"font-size: 14px;\">Ce sont des activit\u00e9s tr\u00e8s ludiques dans lesquelles les jeunes \u00e9voluent avec toujours plus de plaisir, et l&rsquo;\u00e9ducateur aussi !\u00a0<\/span><\/p>\n<p>[\/et_pb_testimonial][\/et_pb_column][\/et_pb_row][\/et_pb_section][et_pb_section fb_built=\u00a0\u00bb1&Prime; _builder_version=\u00a0\u00bb4.21.0&Prime; _module_preset=\u00a0\u00bbdefault\u00a0\u00bb background_color=\u00a0\u00bbrgba(124,218,36,0.38)\u00a0\u00bb custom_padding=\u00a0\u00bb4px||10px|||\u00a0\u00bb animation_style=\u00a0\u00bbfade\u00a0\u00bb animation_duration=\u00a0\u00bb1700ms\u00a0\u00bb global_colors_info=\u00a0\u00bb{}\u00a0\u00bb][et_pb_row _builder_version=\u00a0\u00bb4.21.0&Prime; _module_preset=\u00a0\u00bbdefault\u00a0\u00bb global_colors_info=\u00a0\u00bb{}\u00a0\u00bb][et_pb_column type=\u00a0\u00bb4_4&Prime; _builder_version=\u00a0\u00bb4.21.0&Prime; _module_preset=\u00a0\u00bbdefault\u00a0\u00bb global_colors_info=\u00a0\u00bb{}\u00a0\u00bb][et_pb_testimonial author=\u00a0\u00bbChristian, animateur de l&rsquo;activit\u00e9 Jardinerie\u00a0\u00bb _builder_version=\u00a0\u00bb4.21.0&Prime; _module_preset=\u00a0\u00bbdefault\u00a0\u00bb background_color=\u00a0\u00bb#FFFFFF\u00a0\u00bb min_height=\u00a0\u00bb141px\u00a0\u00bb global_colors_info=\u00a0\u00bb{}\u00a0\u00bb]<\/p>\n<p><span style=\"font-weight: 400;\">Un jardin pour les petits et les grands, pour les curieux, pour les particuliers et les groupes. Un jardin pour jardiner bien s\u00fbr, mais jardiner bio et pour apprendre \u00e0 bricoler, \u00e0 prot\u00e9ger la nature. Un jardin aussi pour se rencontrer, s\u2019amuser, s\u2019informer, se d\u00e9tendre et r\u00eaver&#8230;<\/span><\/p>\n<p><span style=\"font-weight: 400;\">Des activit\u00e9s qui sont abord\u00e9es de fa\u00e7on ludique, sensorielle ou artistique. Des activit\u00e9s orient\u00e9es essentiellement vers le contact direct avec le milieu. Des activit\u00e9s qui privil\u00e9gient l&rsquo;alternance entre accompagnement et autonomie ainsi qu&rsquo;entre temps collectifs et individuels.\u00a0<\/span><\/p>\n<p><span style=\"font-weight: 400;\">A travers une d\u00e9marche collective, le jardin doit permettre \u00e0 chacun d&rsquo;y trouver un int\u00e9r\u00eat, de transmettre son savoir et d&rsquo;apprendre des autres. La diversit\u00e9 que chacun de nous repr\u00e9sente y tient une place privil\u00e9gi\u00e9e, car elle constitue les graines qui permettront \u00e0 de nouvelles id\u00e9es de germer sur le terreau des solidarit\u00e9s.<\/span><\/p>\n<p>[\/et_pb_testimonial][\/et_pb_column][\/et_pb_row][\/et_pb_section][et_pb_section fb_built=\u00a0\u00bb1&Prime; _builder_version=\u00a0\u00bb4.21.0&Prime; _module_preset=\u00a0\u00bbdefault\u00a0\u00bb background_color=\u00a0\u00bbrgba(224,153,0,0.45)\u00a0\u00bb custom_padding=\u00a0\u00bb4px||10px|||\u00a0\u00bb animation_style=\u00a0\u00bbfade\u00a0\u00bb animation_duration=\u00a0\u00bb1700ms\u00a0\u00bb global_colors_info=\u00a0\u00bb{}\u00a0\u00bb][et_pb_row _builder_version=\u00a0\u00bb4.21.0&Prime; _module_preset=\u00a0\u00bbdefault\u00a0\u00bb global_colors_info=\u00a0\u00bb{}\u00a0\u00bb][et_pb_column type=\u00a0\u00bb4_4&Prime; _builder_version=\u00a0\u00bb4.21.0&Prime; _module_preset=\u00a0\u00bbdefault\u00a0\u00bb global_colors_info=\u00a0\u00bb{}\u00a0\u00bb][et_pb_testimonial author=\u00a0\u00bbActivit\u00e9 mosa\u00efque anim\u00e9e par Muriel Dintheer\u00a0\u00bb _builder_version=\u00a0\u00bb4.21.0&Prime; _module_preset=\u00a0\u00bbdefault\u00a0\u00bb background_color=\u00a0\u00bb#FFFFFF\u00a0\u00bb min_height=\u00a0\u00bb141px\u00a0\u00bb global_colors_info=\u00a0\u00bb{}\u00a0\u00bb]<\/p>\n<p><span style=\"font-weight: 400;\">Nous nous retrouvons le mercredi pour pratiquer la mosa\u00efque et les arts plastiques en g\u00e9n\u00e9ral (dessin, peinture, \u2026). Nous travaillons par petits groupes sous forme d\u2019ateliers : d\u00e9coupe de mosa\u00efque, collage, dessin du mod\u00e8le, peinture du support, \u2026. On passe d\u2019un atelier \u00e0 l\u2019autre en fonction de ses affinit\u00e9s et de ses envies. Nous r\u00e9alisons des projets communs : statues, fresques, mobiles, \u2026 Ou individuels : tableaux, boules, bo\u00eetes, miroirs,\u2026.<\/span><\/p>\n<p><span style=\"font-weight: 400;\">L\u2019objectif est que chacun puisse se faire plaisir et exprimer sa cr\u00e9ativit\u00e9 en partageant ses talents avec les autres, en toute libert\u00e9.<\/span><\/p>\n<p>[\/et_pb_testimonial][\/et_pb_column][\/et_pb_row][\/et_pb_section]<\/p>\n","protected":false},"excerpt":{"rendered":"<p>IntervenantsL&rsquo;objectif de l&rsquo;atelier est de pratiquer et d\u00e9couvrir le plaisir de la danse dans un milieu ouvert \u00e0 tous. La danse vise l&rsquo;acquisition des comp\u00e9tences et connaissances utiles pour mieux conna\u00eetre son corps et l&rsquo;utiliser pour s&rsquo;exprimer avec pour toile de fond, la recherche d&rsquo;un bien-\u00eatre par l&rsquo;\u00e9panouissement de soi. L&rsquo;id\u00e9e est de d\u00e9velopper la [&hellip;]<\/p>\n","protected":false},"author":4,"featured_media":0,"parent":0,"menu_order":0,"comment_status":"closed","ping_status":"closed","template":"","meta":{"_et_pb_use_builder":"on","_et_pb_old_content":"","_et_gb_content_width":"","footnotes":""},"class_list":["post-298","page","type-page","status-publish","hentry"],"_links":{"self":[{"href":"https:\/\/uncopaincommelesautres.com\/uccla\/index.php\/wp-json\/wp\/v2\/pages\/298","targetHints":{"allow":["GET"]}}],"collection":[{"href":"https:\/\/uncopaincommelesautres.com\/uccla\/index.php\/wp-json\/wp\/v2\/pages"}],"about":[{"href":"https:\/\/uncopaincommelesautres.com\/uccla\/index.php\/wp-json\/wp\/v2\/types\/page"}],"author":[{"embeddable":true,"href":"https:\/\/uncopaincommelesautres.com\/uccla\/index.php\/wp-json\/wp\/v2\/users\/4"}],"replies":[{"embeddable":true,"href":"https:\/\/uncopaincommelesautres.com\/uccla\/index.php\/wp-json\/wp\/v2\/comments?post=298"}],"version-history":[{"count":20,"href":"https:\/\/uncopaincommelesautres.com\/uccla\/index.php\/wp-json\/wp\/v2\/pages\/298\/revisions"}],"predecessor-version":[{"id":2754,"href":"https:\/\/uncopaincommelesautres.com\/uccla\/index.php\/wp-json\/wp\/v2\/pages\/298\/revisions\/2754"}],"wp:attachment":[{"href":"https:\/\/uncopaincommelesautres.com\/uccla\/index.php\/wp-json\/wp\/v2\/media?parent=298"}],"curies":[{"name":"wp","href":"https:\/\/api.w.org\/{rel}","templated":true}]}}