{"id":306,"date":"2023-03-31T10:08:52","date_gmt":"2023-03-31T08:08:52","guid":{"rendered":"http:\/\/uncopaincommelesautres.com\/uccla\/?page_id=306"},"modified":"2023-12-10T16:08:04","modified_gmt":"2023-12-10T15:08:04","slug":"partenaires","status":"publish","type":"page","link":"https:\/\/uncopaincommelesautres.com\/uccla\/index.php\/partenaires\/","title":{"rendered":"Partenaires"},"content":{"rendered":"<p>[et_pb_section fb_built=\u00a0\u00bb1&Prime; _builder_version=\u00a0\u00bb4.20.4&Prime; _module_preset=\u00a0\u00bbdefault\u00a0\u00bb background_color=\u00a0\u00bb#edb18e\u00a0\u00bb custom_margin=\u00a0\u00bb0px||||false|false\u00a0\u00bb custom_padding=\u00a0\u00bb10px||10px||false|false\u00a0\u00bb global_colors_info=\u00a0\u00bb{}\u00a0\u00bb][et_pb_row _builder_version=\u00a0\u00bb4.20.4&Prime; _module_preset=\u00a0\u00bbdefault\u00a0\u00bb custom_margin=\u00a0\u00bb|auto|-9px|auto||\u00a0\u00bb custom_padding=\u00a0\u00bb41px||15px|||\u00a0\u00bb global_colors_info=\u00a0\u00bb{}\u00a0\u00bb][et_pb_column type=\u00a0\u00bb4_4&Prime; _builder_version=\u00a0\u00bb4.20.4&Prime; _module_preset=\u00a0\u00bbdefault\u00a0\u00bb global_colors_info=\u00a0\u00bb{}\u00a0\u00bb][et_pb_text _builder_version=\u00a0\u00bb4.23.1&Prime; _module_preset=\u00a0\u00bbdefault\u00a0\u00bb text_font=\u00a0\u00bbArial||||||||\u00a0\u00bb text_text_color=\u00a0\u00bb#ed6e00&Prime; text_font_size=\u00a0\u00bb50px\u00a0\u00bb text_orientation=\u00a0\u00bbcenter\u00a0\u00bb hover_enabled=\u00a0\u00bb0&Prime; global_colors_info=\u00a0\u00bb{}\u00a0\u00bb sticky_enabled=\u00a0\u00bb0&Prime;]<\/p>\n<p>Partenaires<\/p>\n<p>[\/et_pb_text][\/et_pb_column][\/et_pb_row][\/et_pb_section][et_pb_section fb_built=\u00a0\u00bb1&Prime; _builder_version=\u00a0\u00bb4.21.0&Prime; _module_preset=\u00a0\u00bbdefault\u00a0\u00bb background_color=\u00a0\u00bbrgba(247,208,185,0.47)\u00a0\u00bb min_height=\u00a0\u00bb1445px\u00a0\u00bb custom_padding=\u00a0\u00bb|0px|0px|||\u00a0\u00bb global_colors_info=\u00a0\u00bb{}\u00a0\u00bb][et_pb_row column_structure=\u00a0\u00bb1_3,1_3,1_3&Prime; make_equal=\u00a0\u00bbon\u00a0\u00bb _builder_version=\u00a0\u00bb4.21.0&Prime; _module_preset=\u00a0\u00bbdefault\u00a0\u00bb background_color=\u00a0\u00bbRGBA(255,255,255,0)\u00a0\u00bb custom_margin=\u00a0\u00bb|auto|42px|auto||\u00a0\u00bb custom_padding=\u00a0\u00bb0px||33px|||\u00a0\u00bb animation_style=\u00a0\u00bbzoom\u00a0\u00bb animation_duration=\u00a0\u00bb800ms\u00a0\u00bb global_colors_info=\u00a0\u00bb{}\u00a0\u00bb][et_pb_column type=\u00a0\u00bb1_3&Prime; _builder_version=\u00a0\u00bb4.21.0&Prime; _module_preset=\u00a0\u00bbdefault\u00a0\u00bb background_color=\u00a0\u00bbrgba(255,255,255,0.85)\u00a0\u00bb custom_padding=\u00a0\u00bb30px|30px|30px|30px|true|true\u00a0\u00bb custom_padding_tablet=\u00a0\u00bb30px|30px|30px|30px|true|true\u00a0\u00bb custom_padding_phone=\u00a0\u00bb20px|20px|20px|20px|true|true\u00a0\u00bb custom_padding_last_edited=\u00a0\u00bbon|desktop\u00a0\u00bb border_radii=\u00a0\u00bbon|10px|10px|10px|10px\u00a0\u00bb border_width_all=\u00a0\u00bb2px\u00a0\u00bb border_color_all=\u00a0\u00bb#ed6e00&Prime; global_colors_info=\u00a0\u00bb{}\u00a0\u00bb][et_pb_text _builder_version=\u00a0\u00bb4.21.0&Prime; _module_preset=\u00a0\u00bb5e7b2144-ee3b-406f-bf05-962c6216a073&Prime; text_text_color=\u00a0\u00bb#ed6e00&Prime; text_orientation=\u00a0\u00bbjustified\u00a0\u00bb min_height=\u00a0\u00bb24px\u00a0\u00bb custom_margin=\u00a0\u00bb2px|0px|5px|0px|false|false\u00a0\u00bb custom_padding=\u00a0\u00bb6px|5px|2px|5px|false|false\u00a0\u00bb border_width_all=\u00a0\u00bb2px\u00a0\u00bb border_color_all=\u00a0\u00bb#007dc6&Prime; global_colors_info=\u00a0\u00bb{}\u00a0\u00bb]<\/p>\n<h5 style=\"text-align: center;\">Ville de Suc\u00e9-sur-Erdre<\/h5>\n<p>[\/et_pb_text][\/et_pb_column][et_pb_column type=\u00a0\u00bb1_3&Prime; _builder_version=\u00a0\u00bb4.21.0&Prime; _module_preset=\u00a0\u00bbdefault\u00a0\u00bb background_color=\u00a0\u00bbrgba(255,255,255,0.85)\u00a0\u00bb custom_padding=\u00a0\u00bb30px|30px|30px|30px|true|true\u00a0\u00bb custom_padding_tablet=\u00a0\u00bb30px|30px|30px|30px|true|true\u00a0\u00bb custom_padding_phone=\u00a0\u00bb20px|20px|20px|20px|true|true\u00a0\u00bb custom_padding_last_edited=\u00a0\u00bbon|desktop\u00a0\u00bb border_radii=\u00a0\u00bbon|10px|10px|10px|10px\u00a0\u00bb border_width_all=\u00a0\u00bb2px\u00a0\u00bb border_color_all=\u00a0\u00bb#ed6e00&Prime; global_colors_info=\u00a0\u00bb{}\u00a0\u00bb][et_pb_text _builder_version=\u00a0\u00bb4.21.0&Prime; _module_preset=\u00a0\u00bb5e7b2144-ee3b-406f-bf05-962c6216a073&Prime; text_text_color=\u00a0\u00bb#ed6e00&Prime; text_orientation=\u00a0\u00bbjustified\u00a0\u00bb min_height=\u00a0\u00bb24px\u00a0\u00bb custom_margin=\u00a0\u00bb2px|0px|5px|0px|false|false\u00a0\u00bb custom_padding=\u00a0\u00bb6px|5px|2px|5px|false|false\u00a0\u00bb border_width_all=\u00a0\u00bb2px\u00a0\u00bb border_color_all=\u00a0\u00bb#007dc6&Prime; locked=\u00a0\u00bboff\u00a0\u00bb global_colors_info=\u00a0\u00bb{}\u00a0\u00bb]<\/p>\n<h5 style=\"text-align: center;\"><span style=\"font-size: 19px;\">Ville de La Chapelle-sur-Erdre<\/span><\/h5>\n<p>[\/et_pb_text][\/et_pb_column][et_pb_column type=\u00a0\u00bb1_3&Prime; _builder_version=\u00a0\u00bb4.21.0&Prime; _module_preset=\u00a0\u00bbdefault\u00a0\u00bb background_color=\u00a0\u00bbrgba(255,255,255,0.85)\u00a0\u00bb custom_padding=\u00a0\u00bb30px|30px|30px|30px|true|true\u00a0\u00bb custom_padding_tablet=\u00a0\u00bb30px|30px|30px|30px|true|true\u00a0\u00bb custom_padding_phone=\u00a0\u00bb20px|20px|20px|20px|true|true\u00a0\u00bb custom_padding_last_edited=\u00a0\u00bbon|desktop\u00a0\u00bb border_radii=\u00a0\u00bbon|10px|10px|10px|10px\u00a0\u00bb border_width_all=\u00a0\u00bb2px\u00a0\u00bb border_color_all=\u00a0\u00bb#ed6e00&Prime; global_colors_info=\u00a0\u00bb{}\u00a0\u00bb][et_pb_text _builder_version=\u00a0\u00bb4.21.0&Prime; _module_preset=\u00a0\u00bb5e7b2144-ee3b-406f-bf05-962c6216a073&Prime; text_orientation=\u00a0\u00bbjustified\u00a0\u00bb min_height=\u00a0\u00bb43.8px\u00a0\u00bb custom_margin=\u00a0\u00bb5px|0px|10px|0px|false|false\u00a0\u00bb custom_padding=\u00a0\u00bb6px|5px|0px|5px|false|false\u00a0\u00bb border_width_all=\u00a0\u00bb2px\u00a0\u00bb border_color_all=\u00a0\u00bb#007dc6&Prime; global_colors_info=\u00a0\u00bb{}\u00a0\u00bb]<\/p>\n<h5 style=\"text-align: center;\">Ville de Treilli\u00e8res<\/h5>\n<p>[\/et_pb_text][\/et_pb_column][\/et_pb_row][et_pb_row column_structure=\u00a0\u00bb1_3,1_3,1_3&Prime; make_equal=\u00a0\u00bbon\u00a0\u00bb _builder_version=\u00a0\u00bb4.21.0&Prime; _module_preset=\u00a0\u00bbdefault\u00a0\u00bb background_color=\u00a0\u00bbRGBA(255,255,255,0)\u00a0\u00bb width=\u00a0\u00bb82.7%\u00a0\u00bb min_height=\u00a0\u00bb577.4px\u00a0\u00bb custom_margin=\u00a0\u00bb|auto|42px|auto||\u00a0\u00bb custom_padding=\u00a0\u00bb0px||0px|||\u00a0\u00bb animation_style=\u00a0\u00bbzoom\u00a0\u00bb animation_duration=\u00a0\u00bb800ms\u00a0\u00bb global_colors_info=\u00a0\u00bb{}\u00a0\u00bb][et_pb_column type=\u00a0\u00bb1_3&Prime; _builder_version=\u00a0\u00bb4.21.0&Prime; _module_preset=\u00a0\u00bbdefault\u00a0\u00bb background_color=\u00a0\u00bbrgba(255,255,255,0.76)\u00a0\u00bb custom_padding=\u00a0\u00bb30px|30px|30px|30px|true|true\u00a0\u00bb custom_padding_tablet=\u00a0\u00bb30px|30px|30px|30px|true|true\u00a0\u00bb custom_padding_phone=\u00a0\u00bb20px|20px|20px|20px|true|true\u00a0\u00bb custom_padding_last_edited=\u00a0\u00bbon|desktop\u00a0\u00bb border_radii=\u00a0\u00bbon|10px|10px|10px|10px\u00a0\u00bb border_width_all=\u00a0\u00bb2px\u00a0\u00bb border_color_all=\u00a0\u00bb#ed6e00&Prime; global_colors_info=\u00a0\u00bb{}\u00a0\u00bb][et_pb_text _builder_version=\u00a0\u00bb4.21.0&Prime; _module_preset=\u00a0\u00bb5e7b2144-ee3b-406f-bf05-962c6216a073&Prime; text_text_color=\u00a0\u00bb#ed6e00&Prime; background_color=\u00a0\u00bbRGBA(255,255,255,0)\u00a0\u00bb text_orientation=\u00a0\u00bbjustified\u00a0\u00bb min_height=\u00a0\u00bb24px\u00a0\u00bb custom_margin=\u00a0\u00bb2px|0px|5px|0px|false|false\u00a0\u00bb custom_padding=\u00a0\u00bb6px|5px|2px|5px|false|false\u00a0\u00bb border_width_all=\u00a0\u00bb2px\u00a0\u00bb border_color_all=\u00a0\u00bb#007dc6&Prime; inline_fonts=\u00a0\u00bbArial\u00a0\u00bb global_colors_info=\u00a0\u00bb{}\u00a0\u00bb]<\/p>\n<h5 style=\"text-align: center;\"><span style=\"font-size: 19px; font-family: Arial;\">Union des associations de La Chapelle-sur-Erdre\u00a0<\/span><\/h5>\n<p>[\/et_pb_text][et_pb_text _builder_version=\u00a0\u00bb4.23.1&Prime; _module_preset=\u00a0\u00bbdefault\u00a0\u00bb text_font=\u00a0\u00bbArial||||||||\u00a0\u00bb text_text_color=\u00a0\u00bb#000000&Prime; inline_fonts=\u00a0\u00bbArial\u00a0\u00bb global_colors_info=\u00a0\u00bb{}\u00a0\u00bb]<\/p>\n<p style=\"text-align: left;\"><span style=\"font-size: 16px; font-family: Arial; font-weight: normal;\"><\/span><\/p>\n<p style=\"text-align: left;\"><span style=\"font-size: 16px; font-family: Arial; font-weight: normal;\"><\/span><\/p>\n<p style=\"text-align: left;\"><span style=\"font-size: 16px; font-family: Arial; font-weight: normal;\">L&rsquo;U.A.C.E vise \u00e0 promouvoir la vie associative chapelaine et \u00e0 en faire conna\u00eetre les activit\u00e9s artistiques, culturelles, sociales, sportives et de loisirs. Pour ce faire, elle organise la Foire \u00e0 Tout et le Forum des Associations pour les repr\u00e9senter. Elle reverse ses b\u00e9n\u00e9fices \u00e0 des associations caritatives.<\/span><\/p>\n<p style=\"text-align: left;\"><span style=\"font-size: 19px; font-family: Arial; font-weight: normal;\"><\/span><\/p>\n<p style=\"text-align: left;\"><span style=\"font-size: 19px; font-family: Arial; font-weight: normal;\"><\/span><\/p>\n<p style=\"text-align: left;\"><span style=\"font-size: 19px; font-family: Arial; font-weight: normal;\"><\/span><\/p>\n<p style=\"text-align: left;\"><span style=\"font-size: 19px; font-family: Arial; font-weight: normal;\"><\/span><\/p>\n<p style=\"text-align: left;\"><span style=\"font-size: 19px; font-family: Arial; font-weight: normal;\"><\/span><\/p>\n<p style=\"text-align: left;\"><span style=\"font-family: Arial; font-size: medium;\"><a href=\"https:\/\/www.lachapellesurerdre.fr\/union-des-associations-de-la-chapelle-sur-erdre-uace\"><b>lien vers leur site Internet<\/b><\/a><\/span><span style=\"font-size: 19px; font-family: Arial; font-weight: normal;\"><\/span><\/p>\n<p style=\"text-align: left;\"><span style=\"font-size: 19px; font-family: Arial; font-weight: normal;\"><\/span><\/p>\n<p style=\"text-align: justify;\">\n<p>[\/et_pb_text][\/et_pb_column][et_pb_column type=\u00a0\u00bb1_3&Prime; _builder_version=\u00a0\u00bb4.21.0&Prime; _module_preset=\u00a0\u00bbdefault\u00a0\u00bb background_color=\u00a0\u00bbrgba(255,255,255,0.85)\u00a0\u00bb custom_padding=\u00a0\u00bb30px|30px|30px|30px|true|true\u00a0\u00bb custom_padding_tablet=\u00a0\u00bb30px|30px|30px|30px|true|true\u00a0\u00bb custom_padding_phone=\u00a0\u00bb20px|20px|20px|20px|true|true\u00a0\u00bb custom_padding_last_edited=\u00a0\u00bbon|desktop\u00a0\u00bb border_radii=\u00a0\u00bbon|10px|10px|10px|10px\u00a0\u00bb border_width_all=\u00a0\u00bb2px\u00a0\u00bb border_color_all=\u00a0\u00bb#ed6e00&Prime; global_colors_info=\u00a0\u00bb{}\u00a0\u00bb][et_pb_text _builder_version=\u00a0\u00bb4.21.0&Prime; _module_preset=\u00a0\u00bb5e7b2144-ee3b-406f-bf05-962c6216a073&Prime; text_text_color=\u00a0\u00bb#ed6e00&Prime; text_orientation=\u00a0\u00bbjustified\u00a0\u00bb min_height=\u00a0\u00bb24px\u00a0\u00bb custom_margin=\u00a0\u00bb2px|0px|5px|0px|false|false\u00a0\u00bb custom_padding=\u00a0\u00bb6px|5px|2px|5px|false|false\u00a0\u00bb border_width_all=\u00a0\u00bb2px\u00a0\u00bb border_color_all=\u00a0\u00bb#007dc6&Prime; inline_fonts=\u00a0\u00bbArial\u00a0\u00bb global_colors_info=\u00a0\u00bb{}\u00a0\u00bb]<\/p>\n<h5 style=\"text-align: center;\"><span style=\"font-size: 19px; font-family: Arial;\">T\u2019CAP Loisirs &amp; D\u00e9couvertes, handicap ou pas\u00a0<\/span><\/h5>\n<p>[\/et_pb_text][et_pb_text _builder_version=\u00a0\u00bb4.21.0&Prime; _module_preset=\u00a0\u00bbdefault\u00a0\u00bb text_font=\u00a0\u00bbPoppins||||||||\u00a0\u00bb text_text_color=\u00a0\u00bb#000000&Prime; text_font_size=\u00a0\u00bb16px\u00a0\u00bb inline_fonts=\u00a0\u00bbArial\u00a0\u00bb global_colors_info=\u00a0\u00bb{}\u00a0\u00bb]<\/p>\n<p style=\"text-align: justify;\">\n<p style=\"text-align: left;\"><span style=\"font-family: Arial; font-weight: normal;\">C\u2019est une association d\u2019int\u00e9r\u00eat g\u00e9n\u00e9ral constitu\u00e9e en r\u00e9seau avec plus de 120 <\/span><span style=\"font-family: Arial; font-weight: normal;\">associations, collectivit\u00e9s, individuels et entreprises de l\u2019Economie Sociale et <\/span><span style=\"font-family: Arial; font-weight: normal;\">Solidaire pour favoriser l\u2019acc\u00e8s \u00e0 la vie sociale des personnes en situation de <\/span><span style=\"font-family: Arial; font-weight: normal;\">handicap.<\/span><\/p>\n<p style=\"text-align: left;\"><span style=\"font-family: Arial; font-weight: normal;\">Un Copain comme les Autres est membre de ce r\u00e9seau depuis sa <\/span><span style=\"font-family: Arial; font-weight: normal;\">cr\u00e9ation en 2007.<\/span><\/p>\n<p style=\"text-align: justify;\">\n<p style=\"text-align: justify;\">\n<p style=\"text-align: justify;\"><strong><span style=\"font-family: Arial;\"><a href=\"http:\/\/www.tcap-loisirs.info\/\">lien vers leur site Internet<\/a><\/span><\/strong><\/p>\n<p>[\/et_pb_text][\/et_pb_column][et_pb_column type=\u00a0\u00bb1_3&Prime; _builder_version=\u00a0\u00bb4.21.0&Prime; _module_preset=\u00a0\u00bbdefault\u00a0\u00bb background_color=\u00a0\u00bbrgba(255,255,255,0.85)\u00a0\u00bb custom_padding=\u00a0\u00bb30px|30px|30px|30px|true|true\u00a0\u00bb custom_padding_tablet=\u00a0\u00bb30px|30px|30px|30px|true|true\u00a0\u00bb custom_padding_phone=\u00a0\u00bb20px|20px|20px|20px|true|true\u00a0\u00bb custom_padding_last_edited=\u00a0\u00bbon|desktop\u00a0\u00bb border_radii=\u00a0\u00bbon|10px|10px|10px|10px\u00a0\u00bb border_width_all=\u00a0\u00bb2px\u00a0\u00bb border_color_all=\u00a0\u00bb#ed6e00&Prime; global_colors_info=\u00a0\u00bb{}\u00a0\u00bb][et_pb_text _builder_version=\u00a0\u00bb4.21.0&Prime; _module_preset=\u00a0\u00bb5e7b2144-ee3b-406f-bf05-962c6216a073&Prime; text_font_size=\u00a0\u00bb12px\u00a0\u00bb text_orientation=\u00a0\u00bbjustified\u00a0\u00bb min_height=\u00a0\u00bb43.8px\u00a0\u00bb custom_margin=\u00a0\u00bb4px|0px|10px|0px|false|false\u00a0\u00bb custom_padding=\u00a0\u00bb6px|5px|0px|5px|false|false\u00a0\u00bb border_width_all=\u00a0\u00bb2px\u00a0\u00bb border_color_all=\u00a0\u00bb#007dc6&Prime; inline_fonts=\u00a0\u00bbArial\u00a0\u00bb global_colors_info=\u00a0\u00bb{}\u00a0\u00bb]<\/p>\n<h5 style=\"text-align: center;\"><span style=\"font-family: Arial;\">Le Grandchamp\u2019<\/span><\/h5>\n<h5 style=\"text-align: center;\"><span style=\"font-family: Arial;\">Bardement<\/span><\/h5>\n<p>[\/et_pb_text][et_pb_text _builder_version=\u00a0\u00bb4.21.0&Prime; _module_preset=\u00a0\u00bb151b5669-6fe0-474e-8488-35db216f6780&Prime; text_font=\u00a0\u00bbPoppins||||||||\u00a0\u00bb text_text_color=\u00a0\u00bb#000000&Prime; inline_fonts=\u00a0\u00bbArial\u00a0\u00bb global_colors_info=\u00a0\u00bb{}\u00a0\u00bb]<\/p>\n<p style=\"text-align: left;\"><span style=\"font-family: Arial; font-weight: normal;\">Il s\u2019agit d\u2019une association qui organise le Festival des arts de la rue dans un jardin, un \u00e9v\u00e9nement culturel incontournable visant \u00e0 financer une action solidaire : faire profiter les jeunes Grandchampenois (atteints d&rsquo;un handicap ou d&rsquo;une maladie) d&rsquo;une activit\u00e9 de loisir qu&rsquo;ils n&rsquo;ont jamais connue.<\/span><\/p>\n<p style=\"text-align: justify;\"><span style=\"font-family: Arial; font-weight: normal;\"><\/span><\/p>\n<p style=\"text-align: justify;\"><span style=\"font-family: Arial; font-weight: normal;\"><\/span><\/p>\n<p style=\"text-align: justify;\"><span style=\"font-family: Arial; font-weight: normal;\"><\/span><\/p>\n<p style=\"text-align: justify;\"><strong><span style=\"font-family: Arial;\"><a href=\"https:\/\/www.grandchampbardement.fr\/\">lien vers leur site Internet<\/a><\/span><\/strong><span><\/span><\/p>\n<p style=\"text-align: justify;\"><span><\/span><\/p>\n<p style=\"text-align: justify;\">\n<p>[\/et_pb_text][\/et_pb_column][\/et_pb_row][et_pb_row make_equal=\u00a0\u00bbon\u00a0\u00bb _builder_version=\u00a0\u00bb4.21.0&Prime; _module_preset=\u00a0\u00bbdefault\u00a0\u00bb background_color=\u00a0\u00bbRGBA(255,255,255,0)\u00a0\u00bb width=\u00a0\u00bb52.9%\u00a0\u00bb custom_margin=\u00a0\u00bb|auto|42px|auto||\u00a0\u00bb custom_padding=\u00a0\u00bb0px||0px|||\u00a0\u00bb animation_style=\u00a0\u00bbzoom\u00a0\u00bb animation_duration=\u00a0\u00bb800ms\u00a0\u00bb locked=\u00a0\u00bboff\u00a0\u00bb global_colors_info=\u00a0\u00bb{}\u00a0\u00bb][et_pb_column type=\u00a0\u00bb4_4&Prime; _builder_version=\u00a0\u00bb4.21.0&Prime; _module_preset=\u00a0\u00bbdefault\u00a0\u00bb background_color=\u00a0\u00bbrgba(255,255,255,0.85)\u00a0\u00bb custom_padding=\u00a0\u00bb30px|30px|30px|30px|true|true\u00a0\u00bb custom_padding_tablet=\u00a0\u00bb30px|30px|30px|30px|true|true\u00a0\u00bb custom_padding_phone=\u00a0\u00bb20px|20px|20px|20px|true|true\u00a0\u00bb custom_padding_last_edited=\u00a0\u00bbon|desktop\u00a0\u00bb border_radii=\u00a0\u00bbon|10px|10px|10px|10px\u00a0\u00bb border_width_all=\u00a0\u00bb2px\u00a0\u00bb border_color_all=\u00a0\u00bb#ed6e00&Prime; global_colors_info=\u00a0\u00bb{}\u00a0\u00bb][et_pb_text _builder_version=\u00a0\u00bb4.23.1&Prime; _module_preset=\u00a0\u00bb5e7b2144-ee3b-406f-bf05-962c6216a073&Prime; text_font=\u00a0\u00bbPoppins||||||||\u00a0\u00bb text_text_color=\u00a0\u00bb#000000&Prime; text_font_size=\u00a0\u00bb19px\u00a0\u00bb text_orientation=\u00a0\u00bbjustified\u00a0\u00bb min_height=\u00a0\u00bb43.8px\u00a0\u00bb custom_margin=\u00a0\u00bb23px|0px|10px|0px|false|false\u00a0\u00bb custom_padding=\u00a0\u00bb6px|5px|0px|5px|false|false\u00a0\u00bb border_width_all=\u00a0\u00bb2px\u00a0\u00bb border_color_all=\u00a0\u00bb#007dc6&Prime; inline_fonts=\u00a0\u00bbArial\u00a0\u00bb global_colors_info=\u00a0\u00bb{}\u00a0\u00bb]<\/p>\n<p style=\"text-align: center;\"><span style=\"font-family: Arial; font-weight: normal;\">Cin\u00e9 Relax<\/span><\/p>\n<p>[\/et_pb_text][et_pb_text _builder_version=\u00a0\u00bb4.21.0&Prime; _module_preset=\u00a0\u00bb151b5669-6fe0-474e-8488-35db216f6780&Prime; text_text_color=\u00a0\u00bb#000000&Prime; text_orientation=\u00a0\u00bbjustified\u00a0\u00bb min_height=\u00a0\u00bb195px\u00a0\u00bb custom_margin=\u00a0\u00bb38px||-7px||false|false\u00a0\u00bb custom_padding=\u00a0\u00bb0px|||||\u00a0\u00bb inline_fonts=\u00a0\u00bbArial\u00a0\u00bb global_colors_info=\u00a0\u00bb{}\u00a0\u00bb]<\/p>\n<p><span>Il s\u2019agit d\u2019<\/span><span>une structure ressource qui accompagne les \u00e9tablissements culturels afin que leur offre soit accessible pour les personnes dont le handicap peut entra\u00eener des comportements atypiques au cin\u00e9ma. Les s\u00e9ances Relax sont des s\u00e9ances ordinaires, rendues accessibles avec quelques am\u00e9nagements techniques.<\/span><\/p>\n<p><span><\/span><\/p>\n<p><span><\/span><\/p>\n<p><span><a href=\"https:\/\/culture-relax.org\/\">lien vers leur site Internet<\/a><\/span><\/p>\n<p>[\/et_pb_text][\/et_pb_column][\/et_pb_row][\/et_pb_section]<\/p>\n","protected":false},"excerpt":{"rendered":"<p>PartenairesVille de Suc\u00e9-sur-ErdreVille de La Chapelle-sur-ErdreVille de Treilli\u00e8resUnion des associations de La Chapelle-sur-Erdre\u00a0 L&rsquo;U.A.C.E vise \u00e0 promouvoir la vie associative chapelaine et \u00e0 en faire conna\u00eetre les activit\u00e9s artistiques, culturelles, sociales, sportives et de loisirs. Pour ce faire, elle organise la Foire \u00e0 Tout et le Forum des Associations pour les repr\u00e9senter. Elle reverse ses [&hellip;]<\/p>\n","protected":false},"author":4,"featured_media":0,"parent":0,"menu_order":0,"comment_status":"closed","ping_status":"closed","template":"","meta":{"_et_pb_use_builder":"on","_et_pb_old_content":"","_et_gb_content_width":"","footnotes":""},"class_list":["post-306","page","type-page","status-publish","hentry"],"_links":{"self":[{"href":"https:\/\/uncopaincommelesautres.com\/uccla\/index.php\/wp-json\/wp\/v2\/pages\/306","targetHints":{"allow":["GET"]}}],"collection":[{"href":"https:\/\/uncopaincommelesautres.com\/uccla\/index.php\/wp-json\/wp\/v2\/pages"}],"about":[{"href":"https:\/\/uncopaincommelesautres.com\/uccla\/index.php\/wp-json\/wp\/v2\/types\/page"}],"author":[{"embeddable":true,"href":"https:\/\/uncopaincommelesautres.com\/uccla\/index.php\/wp-json\/wp\/v2\/users\/4"}],"replies":[{"embeddable":true,"href":"https:\/\/uncopaincommelesautres.com\/uccla\/index.php\/wp-json\/wp\/v2\/comments?post=306"}],"version-history":[{"count":36,"href":"https:\/\/uncopaincommelesautres.com\/uccla\/index.php\/wp-json\/wp\/v2\/pages\/306\/revisions"}],"predecessor-version":[{"id":2697,"href":"https:\/\/uncopaincommelesautres.com\/uccla\/index.php\/wp-json\/wp\/v2\/pages\/306\/revisions\/2697"}],"wp:attachment":[{"href":"https:\/\/uncopaincommelesautres.com\/uccla\/index.php\/wp-json\/wp\/v2\/media?parent=306"}],"curies":[{"name":"wp","href":"https:\/\/api.w.org\/{rel}","templated":true}]}}