{"id":330,"date":"2023-03-31T10:25:11","date_gmt":"2023-03-31T08:25:11","guid":{"rendered":"https:\/\/uncopaincommelesautres.com\/uccla\/?page_id=330"},"modified":"2024-09-18T12:22:50","modified_gmt":"2024-09-18T10:22:50","slug":"cinerelax","status":"publish","type":"page","link":"https:\/\/uncopaincommelesautres.com\/uccla\/index.php\/cinerelax\/","title":{"rendered":"Cin\u00e9Relax"},"content":{"rendered":"<p>[et_pb_section fb_built=\u00a0\u00bb1&Prime; _builder_version=\u00a0\u00bb4.20.4&Prime; _module_preset=\u00a0\u00bbdefault\u00a0\u00bb background_color=\u00a0\u00bb#edb18e\u00a0\u00bb custom_padding=\u00a0\u00bb10px||39px||false|false\u00a0\u00bb global_colors_info=\u00a0\u00bb{}\u00a0\u00bb][et_pb_row _builder_version=\u00a0\u00bb4.20.4&Prime; _module_preset=\u00a0\u00bbdefault\u00a0\u00bb custom_padding=\u00a0\u00bb43px|||||\u00a0\u00bb global_colors_info=\u00a0\u00bb{}\u00a0\u00bb][et_pb_column type=\u00a0\u00bb4_4&Prime; _builder_version=\u00a0\u00bb4.20.4&Prime; _module_preset=\u00a0\u00bbdefault\u00a0\u00bb global_colors_info=\u00a0\u00bb{}\u00a0\u00bb][et_pb_text _builder_version=\u00a0\u00bb4.23.1&Prime; _module_preset=\u00a0\u00bbdefault\u00a0\u00bb text_font=\u00a0\u00bbArial||||||||\u00a0\u00bb text_text_color=\u00a0\u00bb#ed6e00&Prime; text_font_size=\u00a0\u00bb50px\u00a0\u00bb background_color=\u00a0\u00bbRGBA(255,255,255,0)\u00a0\u00bb text_orientation=\u00a0\u00bbcenter\u00a0\u00bb custom_margin=\u00a0\u00bb||-4px|||\u00a0\u00bb global_colors_info=\u00a0\u00bb{}\u00a0\u00bb]<\/p>\n<p>Cin\u00e9 Relax<\/p>\n<p>[\/et_pb_text][\/et_pb_column][\/et_pb_row][\/et_pb_section][et_pb_section fb_built=\u00a0\u00bb1&Prime; _builder_version=\u00a0\u00bb4.21.0&Prime; _module_preset=\u00a0\u00bbdefault\u00a0\u00bb min_height=\u00a0\u00bb704.2px\u00a0\u00bb custom_margin=\u00a0\u00bb-50px|||||\u00a0\u00bb global_colors_info=\u00a0\u00bb{}\u00a0\u00bb][et_pb_row column_structure=\u00a0\u00bb3_4,1_4&Prime; _builder_version=\u00a0\u00bb4.21.0&Prime; _module_preset=\u00a0\u00bbdefault\u00a0\u00bb custom_margin=\u00a0\u00bb|auto|-39px|auto||\u00a0\u00bb custom_padding=\u00a0\u00bb0px|||||\u00a0\u00bb animation_style=\u00a0\u00bbfade\u00a0\u00bb global_colors_info=\u00a0\u00bb{}\u00a0\u00bb][et_pb_column type=\u00a0\u00bb3_4&Prime; _builder_version=\u00a0\u00bb4.20.4&Prime; _module_preset=\u00a0\u00bbdefault\u00a0\u00bb global_colors_info=\u00a0\u00bb{}\u00a0\u00bb][et_pb_text _builder_version=\u00a0\u00bb4.21.0&Prime; _module_preset=\u00a0\u00bbdefault\u00a0\u00bb text_text_color=\u00a0\u00bb#000000&Prime; text_font_size=\u00a0\u00bb19px\u00a0\u00bb text_orientation=\u00a0\u00bbjustified\u00a0\u00bb inline_fonts=\u00a0\u00bbArial\u00a0\u00bb global_colors_info=\u00a0\u00bb{}\u00a0\u00bb]<\/p>\n<p style=\"text-align: left;\"><span style=\"font-family: Arial;\"><b>Avec ou sans handicap, le cin\u00e9ma c\u2019est pour tout le monde !<\/b><\/span><\/p>\n<p style=\"text-align: left;\"><span style=\"font-weight: 400; font-family: Arial;\">Relax, une s\u00e9ance de cin\u00e9ma ordinaire rendue accessible aux personnes dont le handicap les exclut habituellement des lieux culturels.<\/span><\/p>\n<p><b><\/b><\/p>\n<p>[\/et_pb_text][\/et_pb_column][et_pb_column type=\u00a0\u00bb1_4&Prime; _builder_version=\u00a0\u00bb4.20.4&Prime; _module_preset=\u00a0\u00bbdefault\u00a0\u00bb global_colors_info=\u00a0\u00bb{}\u00a0\u00bb][et_pb_button button_text=\u00a0\u00bbProchaine s\u00e9ance\u00a0\u00bb _builder_version=\u00a0\u00bb4.23.1&Prime; _module_preset=\u00a0\u00bbdefault\u00a0\u00bb hover_enabled=\u00a0\u00bb0&Prime; global_colors_info=\u00a0\u00bb{}\u00a0\u00bb button_url=\u00a0\u00bb@ET-DC@eyJkeW5hbWljIjp0cnVlLCJjb250ZW50IjoicG9zdF9saW5rX3VybF9wYWdlIiwic2V0dGluZ3MiOnsicG9zdF9pZCI6IjI1ODYifX0=@\u00a0\u00bb _dynamic_attributes=\u00a0\u00bbbutton_url\u00a0\u00bb sticky_enabled=\u00a0\u00bb0&Prime;][\/et_pb_button][\/et_pb_column][\/et_pb_row][et_pb_row column_structure=\u00a0\u00bb2_3,1_3&Prime; _builder_version=\u00a0\u00bb4.21.0&Prime; _module_preset=\u00a0\u00bbdefault\u00a0\u00bb animation_style=\u00a0\u00bbzoom\u00a0\u00bb animation_duration=\u00a0\u00bb900ms\u00a0\u00bb global_colors_info=\u00a0\u00bb{}\u00a0\u00bb][et_pb_column type=\u00a0\u00bb2_3&Prime; _builder_version=\u00a0\u00bb4.21.0&Prime; _module_preset=\u00a0\u00bbdefault\u00a0\u00bb global_colors_info=\u00a0\u00bb{}\u00a0\u00bb][et_pb_image src=\u00a0\u00bbhttps:\/\/uncopaincommelesautres.com\/uccla\/wp-content\/uploads\/2023\/05\/IMG_6404.jpg\u00a0\u00bb title_text=\u00a0\u00bbIMG_6404&Prime; _builder_version=\u00a0\u00bb4.21.0&Prime; _module_preset=\u00a0\u00bbdefault\u00a0\u00bb global_colors_info=\u00a0\u00bb{}\u00a0\u00bb][\/et_pb_image][\/et_pb_column][et_pb_column type=\u00a0\u00bb1_3&Prime; _builder_version=\u00a0\u00bb4.21.0&Prime; _module_preset=\u00a0\u00bbdefault\u00a0\u00bb global_colors_info=\u00a0\u00bb{}\u00a0\u00bb][et_pb_text _builder_version=\u00a0\u00bb4.23.1&Prime; _module_preset=\u00a0\u00bbdefault\u00a0\u00bb text_font=\u00a0\u00bbArial||||||||\u00a0\u00bb text_text_color=\u00a0\u00bb#000000&Prime; text_font_size=\u00a0\u00bb15px\u00a0\u00bb transform_scale=\u00a0\u00bb102%|102%\u00a0\u00bb text_orientation=\u00a0\u00bbjustified\u00a0\u00bb global_colors_info=\u00a0\u00bb{}\u00a0\u00bb]<\/p>\n<p style=\"text-align: left;\">Photo prise au Cin\u00e9ville de Saint-S\u00e9bastien lors d&rsquo;une s\u00e9ance de cin\u00e9ma \u00ab\u00a0Cin\u00e9relax\u00a0\u00bb.<\/p>\n<p>[\/et_pb_text][\/et_pb_column][\/et_pb_row][\/et_pb_section][et_pb_section fb_built=\u00a0\u00bb1&Prime; _builder_version=\u00a0\u00bb4.21.0&Prime; _module_preset=\u00a0\u00bbdefault\u00a0\u00bb custom_margin=\u00a0\u00bb-46px|||||\u00a0\u00bb custom_padding=\u00a0\u00bb36px|||||\u00a0\u00bb global_colors_info=\u00a0\u00bb{}\u00a0\u00bb][et_pb_row _builder_version=\u00a0\u00bb4.21.0&Prime; _module_preset=\u00a0\u00bbdefault\u00a0\u00bb custom_margin=\u00a0\u00bb-37px|auto||auto||\u00a0\u00bb custom_padding=\u00a0\u00bb16px|||||\u00a0\u00bb animation_style=\u00a0\u00bbfade\u00a0\u00bb global_colors_info=\u00a0\u00bb{}\u00a0\u00bb][et_pb_column type=\u00a0\u00bb4_4&Prime; _builder_version=\u00a0\u00bb4.21.0&Prime; _module_preset=\u00a0\u00bbdefault\u00a0\u00bb global_colors_info=\u00a0\u00bb{}\u00a0\u00bb][et_pb_text _builder_version=\u00a0\u00bb4.23.1&Prime; _module_preset=\u00a0\u00bbdefault\u00a0\u00bb text_font=\u00a0\u00bbArial||||||||\u00a0\u00bb text_text_color=\u00a0\u00bb#000000&Prime; text_font_size=\u00a0\u00bb19px\u00a0\u00bb text_orientation=\u00a0\u00bbjustified\u00a0\u00bb global_colors_info=\u00a0\u00bb{}\u00a0\u00bb]<\/p>\n<p style=\"text-align: left;\"><b>Pourquoi ?<\/b><\/p>\n<p><span style=\"font-weight: 400;\">Les personnes autistes, polyhandicap\u00e9es, avec un handicap intellectuel, cognitif, psychique ou, plus largement, celles dont le handicap entra\u00eene des comportements atypiques <\/span><b>ont tr\u00e8s difficilement acc\u00e8s \u00e0 la culture et aux loisirs ordinaires.<\/b><\/p>\n<p><span style=\"font-weight: 400;\">En effet, ce sont des spectateurs \u00e0 qui il peut arriver de parler fort, de rire, d&rsquo;applaudir ou de crier quand ils sont contents ou inquiets, de bouger&#8230; Leur comportement les exclut de fait des lieux culturels.<\/span><\/p>\n<p><span style=\"font-weight: 400;\">Les s\u00e9ances Relax sont simplement adapt\u00e9es pour que chacun &#8211; quel que soit le degr\u00e9 de son handicap &#8211; <\/span><b>ait le plaisir d&rsquo;aller au cin\u00e9ma avec les autres spectateurs<\/b><span style=\"font-weight: 400;\">.<\/span><\/p>\n<p><span style=\"font-weight: 400;\">Osez faire le premier pas pour assister aux S\u00e9ances Cin\u00e9 Relax. Les encadrants ont conscience des difficult\u00e9s li\u00e9es \u00e0 cela. Mais au sein des s\u00e9ances Cin\u00e9 Relax, il n\u2019y a aucun jugement. Les s\u00e9ances sont totalement adapt\u00e9es au public que nous accueillons.<\/span><\/p>\n<p><span style=\"font-weight: 400;\"><\/span><\/p>\n<p><span style=\"font-weight: 400;\"><\/span><\/p>\n<p><b>Mais c\u2019est quoi une s\u00e9ance relax ?<\/b><\/p>\n<p><span style=\"font-weight: 400;\">Le dispositif mis en \u0153uvre au sein du r\u00e9seau Cin\u00e9 Relax est essentiellement <\/span><b>un dispositif humain<\/b><span style=\"font-weight: 400;\">. Il est con\u00e7u pour informer, entourer et rassurer les spectateurs.<\/span><\/p>\n<p><span style=\"font-weight: 400;\">Les s\u00e9ances ont lieu le week-end dans <\/span><b>des cin\u00e9mas tout public<\/b><span style=\"font-weight: 400;\">. Un minimum d&rsquo;am\u00e9nagements est propos\u00e9: lumi\u00e8re s&rsquo;\u00e9teignant doucement, son abaiss\u00e9, absence de publicit\u00e9s et de bandes-annonces, mais l&rsquo;essentiel repose en <\/span><b>un accueil chaleureux<\/b><span style=\"font-weight: 400;\"> par une \u00e9quipe d&rsquo;accueil form\u00e9e.<\/span><\/p>\n<p><span style=\"font-weight: 400;\">L&rsquo;ensemble des spectateurs est <\/span><b>clairement inform\u00e9<\/b><span style=\"font-weight: 400;\"> des sp\u00e9cificit\u00e9s de la s\u00e9ance et <\/span><b>l&rsquo;\u00e9quipe d&rsquo;accueil est pr\u00e9sente tout au long de la projection<\/b><span style=\"font-weight: 400;\"> pour accompagner en fonction des besoins de chacun.<\/span><\/p>\n<p><span style=\"font-weight: 400;\">S&rsquo;ils ne viennent pas en autonomie, les spectateurs restent sous la responsabilit\u00e9 de leur accompagnant.<\/span><\/p>\n<p>&nbsp;<\/p>\n<p><b>Pour qui ?<\/b><\/p>\n<p><span style=\"font-weight: 400;\">Ces s\u00e9ances sont <\/span><b>pour tout le monde<\/b><span style=\"font-weight: 400;\"> ! Gr\u00e2ce au dispositif Relax, les personnes avec ou sans handicap partagent le plaisir d&rsquo;une s\u00e9ance de cin\u00e9ma.<\/span><\/p>\n<p><span style=\"font-weight: 400;\"><\/span><\/p>\n<ul>\n<li><span style=\"font-weight: 400;\"> <\/span><b>Pour les personnes en situation de handicap<\/b><\/li>\n<\/ul>\n<p><span style=\"font-weight: 400;\">Les s\u00e9ances Relax permettent \u00e0 des enfants, adolescents ou adultes dont le handicap entra\u00eene des comportements atypiques de <\/span><b>d\u00e9couvrir un loisir culturel en confiance<\/b><span style=\"font-weight: 400;\">, puis d&rsquo;y prendre plaisir.<\/span><\/p>\n<p><span style=\"font-weight: 400;\">Ils peuvent s&rsquo;exprimer \u00e0 leur fa\u00e7on, en fonction de leurs moyens.<\/span><\/p>\n<p><span style=\"font-weight: 400;\"><\/span><\/p>\n<ul>\n<li><span style=\"font-weight: 400;\"><\/span><b> Pour leur famille et leurs amis<\/b><\/li>\n<\/ul>\n<p><span style=\"font-weight: 400;\">L&rsquo;exclusion des lieux culturels des personnes en situation de handicap renforce leur isolement et celui de leurs proches. Les s\u00e9ances Relax permettent aux familles <\/span><b>un acc\u00e8s sans anxi\u00e9t\u00e9 <\/b><span style=\"font-weight: 400;\">\u00e0 un loisir culturel, elles peuvent y <\/span><b>partager un moment agr\u00e9able<\/b><span style=\"font-weight: 400;\"> sans la peur de d\u00e9ranger, ou la retraite humiliante apr\u00e8s quelques minutes&#8230;<\/span><\/p>\n<p><span style=\"font-weight: 400;\"><\/span><\/p>\n<ul>\n<li><span style=\"font-weight: 400;\"> <\/span><b>Pour tous les spectateurs<\/b><\/li>\n<\/ul>\n<p><span style=\"font-weight: 400;\">Des s\u00e9ances conviviales et chaleureuses o\u00f9 chacun est accueilli dans <\/span><b>un environnement bienveillant.<\/b><\/p>\n<p>[\/et_pb_text][\/et_pb_column][\/et_pb_row][\/et_pb_section][et_pb_section fb_built=\u00a0\u00bb1&Prime; _builder_version=\u00a0\u00bb4.21.0&Prime; _module_preset=\u00a0\u00bbdefault\u00a0\u00bb background_color=\u00a0\u00bb#007dc6&Prime; custom_padding=\u00a0\u00bb4px||10px|||\u00a0\u00bb global_colors_info=\u00a0\u00bb{}\u00a0\u00bb][et_pb_row _builder_version=\u00a0\u00bb4.21.0&Prime; _module_preset=\u00a0\u00bbdefault\u00a0\u00bb animation_style=\u00a0\u00bbfade\u00a0\u00bb global_colors_info=\u00a0\u00bb{}\u00a0\u00bb][et_pb_column type=\u00a0\u00bb4_4&Prime; _builder_version=\u00a0\u00bb4.21.0&Prime; _module_preset=\u00a0\u00bbdefault\u00a0\u00bb global_colors_info=\u00a0\u00bb{}\u00a0\u00bb][et_pb_testimonial author=\u00a0\u00bbPauline\u00a0\u00bb _builder_version=\u00a0\u00bb4.21.0&Prime; _module_preset=\u00a0\u00bbdefault\u00a0\u00bb background_color=\u00a0\u00bb#FFFFFF\u00a0\u00bb min_height=\u00a0\u00bb141px\u00a0\u00bb global_colors_info=\u00a0\u00bb{}\u00a0\u00bb]<\/p>\n<p><i><span style=\"font-weight: 400;\">Aurian est ravi d&rsquo;aller au cin\u00e9ma et ses fr\u00e8res et s\u0153urs le remercient chaleureusement car c&rsquo;est gr\u00e2ce \u00e0 lui qu&rsquo;ils vont \u00e0 cette s\u00e9ance&#8230;<\/span><\/i><\/p>\n<p><i><span style=\"font-weight: 400;\">Nous sommes heureux d&rsquo;y aller en famille, autour de lui. L&rsquo;accueil avec les b\u00e9n\u00e9voles qui nous aident \u00e0 sortir de la voiture, \u00e0 monter les marches, etc. est parfait.<\/span><\/i><i><span style=\"font-weight: 400;\"><\/span><\/i><\/p>\n<p>[\/et_pb_testimonial][\/et_pb_column][\/et_pb_row][\/et_pb_section][et_pb_section fb_built=\u00a0\u00bb1&Prime; _builder_version=\u00a0\u00bb4.21.0&Prime; _module_preset=\u00a0\u00bbdefault\u00a0\u00bb background_color=\u00a0\u00bb#007dc6&Prime; min_height=\u00a0\u00bb195px\u00a0\u00bb custom_margin=\u00a0\u00bb-21px|||||\u00a0\u00bb custom_padding=\u00a0\u00bb10px||10px|||\u00a0\u00bb global_colors_info=\u00a0\u00bb{}\u00a0\u00bb][et_pb_row _builder_version=\u00a0\u00bb4.21.0&Prime; _module_preset=\u00a0\u00bbdefault\u00a0\u00bb background_color=\u00a0\u00bbRGBA(255,255,255,0)\u00a0\u00bb custom_margin=\u00a0\u00bb|auto|-26px|auto||\u00a0\u00bb custom_padding=\u00a0\u00bb0px|||||\u00a0\u00bb animation_style=\u00a0\u00bbfade\u00a0\u00bb global_colors_info=\u00a0\u00bb{}\u00a0\u00bb][et_pb_column type=\u00a0\u00bb4_4&Prime; _builder_version=\u00a0\u00bb4.21.0&Prime; _module_preset=\u00a0\u00bbdefault\u00a0\u00bb global_colors_info=\u00a0\u00bb{}\u00a0\u00bb][et_pb_testimonial author=\u00a0\u00bbV\u00e9ronique\u00a0\u00bb _builder_version=\u00a0\u00bb4.21.0&Prime; _module_preset=\u00a0\u00bbdefault\u00a0\u00bb background_color=\u00a0\u00bb#FFFFFF\u00a0\u00bb global_colors_info=\u00a0\u00bb{}\u00a0\u00bb]<\/p>\n<p><i><span style=\"font-weight: 400;\">Nous avons d\u00e9couvert ces s\u00e9ances et nous nous sommes lanc\u00e9s il y a 6 mois avec Hugues, 16 ans. Ce n&rsquo;\u00e9tait pas gagn\u00e9, il avait peur du noir, du bruit, des films qu&rsquo;il ne connait pas, ne reste pas assis trop longtemps&#8230; <\/span><\/i><i><span style=\"font-weight: 400;\">C&rsquo;est maintenant un adepte du cin\u00e9ma !<\/span><\/i><span style=\"font-weight: 400;\"><\/span><\/p>\n<p>[\/et_pb_testimonial][\/et_pb_column][\/et_pb_row][\/et_pb_section][et_pb_section fb_built=\u00a0\u00bb1&Prime; _builder_version=\u00a0\u00bb4.21.0&Prime; _module_preset=\u00a0\u00bbdefault\u00a0\u00bb min_height=\u00a0\u00bb469.4px\u00a0\u00bb custom_padding=\u00a0\u00bb6px||0px|||\u00a0\u00bb global_colors_info=\u00a0\u00bb{}\u00a0\u00bb][et_pb_row _builder_version=\u00a0\u00bb4.21.0&Prime; _module_preset=\u00a0\u00bbdefault\u00a0\u00bb min_height=\u00a0\u00bb332.4px\u00a0\u00bb custom_margin=\u00a0\u00bb|auto|-94px|auto||\u00a0\u00bb custom_padding=\u00a0\u00bb||0px|||\u00a0\u00bb animation_style=\u00a0\u00bbfade\u00a0\u00bb global_colors_info=\u00a0\u00bb{}\u00a0\u00bb][et_pb_column type=\u00a0\u00bb4_4&Prime; _builder_version=\u00a0\u00bb4.21.0&Prime; _module_preset=\u00a0\u00bbdefault\u00a0\u00bb global_colors_info=\u00a0\u00bb{}\u00a0\u00bb][et_pb_text _builder_version=\u00a0\u00bb4.23.1&Prime; _module_preset=\u00a0\u00bbdefault\u00a0\u00bb text_text_color=\u00a0\u00bb#000000&Prime; text_font_size=\u00a0\u00bb19px\u00a0\u00bb text_orientation=\u00a0\u00bbjustified\u00a0\u00bb global_colors_info=\u00a0\u00bb{}\u00a0\u00bb]<\/p>\n<p style=\"text-align: left;\"><span>Le r\u00e9seau Cin\u00e9 Relax (ex-Cin\u00e9-ma diff\u00e9rence) rassemble des partenaires (collectivit\u00e9s locales, cin\u00e9mas, associations) proposant des s\u00e9ances dans plus de 70 villes en France.\u00a0<\/span><\/p>\n<p><span>\u00a0<\/span><\/p>\n<p><span>Pour en savoir plus sur les s\u00e9ances ou d\u00e9couvrir d\u2019autres propositions culturelles <\/span><span>voici le site web : <\/span><a rel=\"nofollow noopener\" target=\"_blank\" href=\"https:\/\/culture-relax.org\/\">https:\/\/culture-relax.org\/<\/a><span>.<\/span><\/p>\n<p><span>Pour toute question sur le r\u00e9seau Cin\u00e9Relax :<\/span><\/p>\n<p><span>\u00a0 \u00a0 \u00a0 \u00a0 \u00a0 \u00a0 \u00a0 \u00a0 \u00a0 \u00a0 \u00a0 \u00a0 \u00a0 \u00a0 \u00a0 \u00a0 \u00a0 \u00a0 \u00a0 \u00a0 \u00a0 \u00a0 \u00a0 \u00a0 \u00a0 \u00a0 \u00a0 \u00a0 \u00a0 \u00a0 \u00a0 \u00a0 \u00a0 \u00a0 \u00a0 \u00a0 \u00a0 \u00a0 \u00a0 \u00a0 \u00a0 \u00a0 \u00a0Mail : <\/span><a rel=\"nofollow noopener\" target=\"_blank\" href=\"mailto:coordination@cinerelax.org\">coordination@cinerelax.org<\/a><\/p>\n<p><span>\u00a0 \u00a0 \u00a0 \u00a0 \u00a0 \u00a0 \u00a0 \u00a0 \u00a0 \u00a0 \u00a0 \u00a0 \u00a0 \u00a0 \u00a0 \u00a0 \u00a0 \u00a0 \u00a0 \u00a0 \u00a0 \u00a0 \u00a0 \u00a0 \u00a0 \u00a0 \u00a0 \u00a0 \u00a0 \u00a0 \u00a0 \u00a0 \u00a0 \u00a0 \u00a0 \u00a0 \u00a0 \u00a0 \u00a0 \u00a0 \u00a0 \u00a0 \u00a0Num\u00e9ro de t\u00e9l\u00e9phone : 01 71 20 22 64<\/span><\/p>\n<p>[\/et_pb_text][\/et_pb_column][\/et_pb_row][\/et_pb_section]<\/p>\n","protected":false},"excerpt":{"rendered":"<p>Cin\u00e9 RelaxAvec ou sans handicap, le cin\u00e9ma c\u2019est pour tout le monde ! Relax, une s\u00e9ance de cin\u00e9ma ordinaire rendue accessible aux personnes dont le handicap les exclut habituellement des lieux culturels. Photo prise au Cin\u00e9ville de Saint-S\u00e9bastien lors d&rsquo;une s\u00e9ance de cin\u00e9ma \u00ab\u00a0Cin\u00e9relax\u00a0\u00bb.Pourquoi ? Les personnes autistes, polyhandicap\u00e9es, avec un handicap intellectuel, cognitif, psychique [&hellip;]<\/p>\n","protected":false},"author":4,"featured_media":0,"parent":0,"menu_order":0,"comment_status":"closed","ping_status":"closed","template":"","meta":{"_et_pb_use_builder":"on","_et_pb_old_content":"","_et_gb_content_width":"","footnotes":""},"class_list":["post-330","page","type-page","status-publish","hentry"],"_links":{"self":[{"href":"https:\/\/uncopaincommelesautres.com\/uccla\/index.php\/wp-json\/wp\/v2\/pages\/330","targetHints":{"allow":["GET"]}}],"collection":[{"href":"https:\/\/uncopaincommelesautres.com\/uccla\/index.php\/wp-json\/wp\/v2\/pages"}],"about":[{"href":"https:\/\/uncopaincommelesautres.com\/uccla\/index.php\/wp-json\/wp\/v2\/types\/page"}],"author":[{"embeddable":true,"href":"https:\/\/uncopaincommelesautres.com\/uccla\/index.php\/wp-json\/wp\/v2\/users\/4"}],"replies":[{"embeddable":true,"href":"https:\/\/uncopaincommelesautres.com\/uccla\/index.php\/wp-json\/wp\/v2\/comments?post=330"}],"version-history":[{"count":26,"href":"https:\/\/uncopaincommelesautres.com\/uccla\/index.php\/wp-json\/wp\/v2\/pages\/330\/revisions"}],"predecessor-version":[{"id":2759,"href":"https:\/\/uncopaincommelesautres.com\/uccla\/index.php\/wp-json\/wp\/v2\/pages\/330\/revisions\/2759"}],"wp:attachment":[{"href":"https:\/\/uncopaincommelesautres.com\/uccla\/index.php\/wp-json\/wp\/v2\/media?parent=330"}],"curies":[{"name":"wp","href":"https:\/\/api.w.org\/{rel}","templated":true}]}}