{"id":676,"date":"2023-04-10T20:18:29","date_gmt":"2023-04-10T18:18:29","guid":{"rendered":"https:\/\/uncopaincommelesautres.com\/uccla\/?page_id=676"},"modified":"2023-05-20T10:11:06","modified_gmt":"2023-05-20T08:11:06","slug":"benevoles-ang","status":"publish","type":"page","link":"https:\/\/uncopaincommelesautres.com\/uccla\/index.php\/en\/benevoles-ang\/","title":{"rendered":"Volunteers"},"content":{"rendered":"<p>[et_pb_section fb_built=\u00a0\u00bb1&Prime; _builder_version=\u00a0\u00bb4.20.4&Prime; _module_preset=\u00a0\u00bbdefault\u00a0\u00bb background_color=\u00a0\u00bb#edb18e\u00a0\u00bb min_height=\u00a0\u00bb170px\u00a0\u00bb custom_margin=\u00a0\u00bb0px||-70px||false|false\u00a0\u00bb custom_padding=\u00a0\u00bb10px||10px||false|false\u00a0\u00bb global_colors_info=\u00a0\u00bb{}\u00a0\u00bb][et_pb_row _builder_version=\u00a0\u00bb4.20.4&Prime; _module_preset=\u00a0\u00bbdefault\u00a0\u00bb min_height=\u00a0\u00bb73.8px\u00a0\u00bb custom_padding=\u00a0\u00bb46px|||||\u00a0\u00bb global_colors_info=\u00a0\u00bb{}\u00a0\u00bb][et_pb_column type=\u00a0\u00bb4_4&Prime; _builder_version=\u00a0\u00bb4.20.4&Prime; _module_preset=\u00a0\u00bbdefault\u00a0\u00bb global_colors_info=\u00a0\u00bb{}\u00a0\u00bb][et_pb_text _builder_version=\u00a0\u00bb4.20.4&Prime; _module_preset=\u00a0\u00bbdefault\u00a0\u00bb text_font=\u00a0\u00bbEnglebert||||||||\u00a0\u00bb text_text_color=\u00a0\u00bb#ed6e00&Prime; text_font_size=\u00a0\u00bb50px\u00a0\u00bb text_orientation=\u00a0\u00bbcenter\u00a0\u00bb min_height=\u00a0\u00bb21px\u00a0\u00bb custom_margin=\u00a0\u00bb||-76px|||\u00a0\u00bb global_colors_info=\u00a0\u00bb{}\u00a0\u00bb]<\/p>\n<p>Volunteers<\/p>\n<p>[\/et_pb_text][\/et_pb_column][\/et_pb_row][\/et_pb_section][et_pb_section fb_built=\u00a0\u00bb1&Prime; _builder_version=\u00a0\u00bb4.21.0&Prime; _module_preset=\u00a0\u00bbdefault\u00a0\u00bb background_color=\u00a0\u00bbrgba(12,113,195,0.6)\u00a0\u00bb width=\u00a0\u00bb100%\u00a0\u00bb min_height=\u00a0\u00bb1315.6px\u00a0\u00bb custom_margin=\u00a0\u00bb-12px|||||\u00a0\u00bb custom_padding=\u00a0\u00bb42px||0px|||\u00a0\u00bb global_colors_info=\u00a0\u00bb{}\u00a0\u00bb][et_pb_row _builder_version=\u00a0\u00bb4.21.0&Prime; _module_preset=\u00a0\u00bbdefault\u00a0\u00bb background_color=\u00a0\u00bb#0C71C3&Prime; min_height=\u00a0\u00bb332px\u00a0\u00bb custom_margin=\u00a0\u00bb|auto|-20px|auto||\u00a0\u00bb custom_padding=\u00a0\u00bb||16px|||\u00a0\u00bb global_colors_info=\u00a0\u00bb{}\u00a0\u00bb][et_pb_column type=\u00a0\u00bb4_4&Prime; _builder_version=\u00a0\u00bb4.21.0&Prime; _module_preset=\u00a0\u00bbdefault\u00a0\u00bb global_colors_info=\u00a0\u00bb{}\u00a0\u00bb][et_pb_testimonial _builder_version=\u00a0\u00bb4.21.0&Prime; _module_preset=\u00a0\u00bbdefault\u00a0\u00bb background_color=\u00a0\u00bb#FFFFFF\u00a0\u00bb min_height=\u00a0\u00bb141px\u00a0\u00bb animation_style=\u00a0\u00bbfade\u00a0\u00bb animation_duration=\u00a0\u00bb1700ms\u00a0\u00bb global_colors_info=\u00a0\u00bb{}\u00a0\u00bb]<\/p>\n<p><span style=\"font-weight: 400;\"><strong>Youna, a young girl, testifies <\/strong><\/span><i><span style=\"font-weight: 400;\">:\u00a0<\/span><\/i><\/p>\n<p><i><span style=\"font-weight: 400;\"><\/span><\/i><\/p>\n<p><i><span style=\"font-weight: 400;\">\u00a0\u00bb I find that UCCLA is useful to many things : to do more activities. I like dancing, circus, music. I have never been able to make music before. It was too hard. There was no room for me. Yet I wanted to&#8230;<br \/><\/span><\/i><i><span style=\"font-weight: 400;\"><br \/>Mosaic too, it was so good and the percussions also with Tambour Battant.\u00a0<\/span><\/i><\/p>\n<p><i><span style=\"font-weight: 400;\">It is also so good because I meet many people : new friends Simon and J\u00e9r\u00e9my and Caroline, and also former school friends who come to do the activities with me : Julia, Am\u00e9lie and Laura.\u00a0<\/p>\n<p><\/span><\/i><em>I also like it when we party together: Christmas boum or the 5 year party at la Papini\u00e8re. It was so funny to see parents dancing with my fabrics like us. I was laughing very hard. I appreciate when Dominique gives us the planning of activities. I write down all my outings in my cell phone.<\/em><\/p>\n<p>[\/et_pb_testimonial][\/et_pb_column][\/et_pb_row][et_pb_row _builder_version=\u00a0\u00bb4.21.0&Prime; _module_preset=\u00a0\u00bbdefault\u00a0\u00bb background_color=\u00a0\u00bb#0C71C3&Prime; custom_padding=\u00a0\u00bb31px|||||\u00a0\u00bb global_colors_info=\u00a0\u00bb{}\u00a0\u00bb][et_pb_column type=\u00a0\u00bb4_4&Prime; _builder_version=\u00a0\u00bb4.21.0&Prime; _module_preset=\u00a0\u00bbdefault\u00a0\u00bb global_colors_info=\u00a0\u00bb{}\u00a0\u00bb][et_pb_testimonial _builder_version=\u00a0\u00bb4.21.0&Prime; _module_preset=\u00a0\u00bbdefault\u00a0\u00bb background_color=\u00a0\u00bb#FFFFFF\u00a0\u00bb min_height=\u00a0\u00bb130px\u00a0\u00bb custom_margin=\u00a0\u00bb||-26px|||\u00a0\u00bb animation_style=\u00a0\u00bbfade\u00a0\u00bb animation_duration=\u00a0\u00bb1700ms\u00a0\u00bb global_colors_info=\u00a0\u00bb{}\u00a0\u00bb]<\/p>\n<p><strong>Gaylord, active volunteer of the association, testifies :\u00a0<\/strong><\/p>\n<p><i><span style=\"font-weight: 400;\">\u00ab\u00a0I have known the association a bit by chance. I just moved and I was lost in my new landmarks, I looked for a place where involved me in. I had time and love to share, as it is said. Thus, I contacted Un Copain Comme Les Autres.<\/span><\/i><\/p>\n<p><i><span style=\"font-weight: 400;\">I totally ignored the world of disability and with selfishness, I wanted to apprehend what frightened me ! By giving back, I desired to help them. But I learnt a big lesson when I first visited, because instead of giving them something, the opposite happened ! I was confronted with children, like the others, whom I had not known since then. They gave me and bring me everyday, Love in the raw state. With the innocence of the child.<\/span><\/i><\/p>\n<p><em>They have completely changed my life, and all my family bears witness. There is a one before UCCLA and one after. It is not the same guy coming out. I don&rsquo;t see my life with them anymore. And when I am told that I involve a lot, I answer no, it is just that I give them back to the same level that I receive. When things are naturally made, people don&rsquo;t feel that the involvement is such.<\/em><\/p>\n<p><em>\u00ab\u00a0I won&rsquo;t never thank them enough, my Copains comme les Autres\u00a0\u00bb<\/em><\/p>\n<p>[\/et_pb_testimonial][\/et_pb_column][\/et_pb_row][et_pb_row _builder_version=\u00a0\u00bb4.21.0&Prime; _module_preset=\u00a0\u00bbdefault\u00a0\u00bb background_color=\u00a0\u00bb#0C71C3&Prime; min_height=\u00a0\u00bb564px\u00a0\u00bb custom_padding=\u00a0\u00bb||1px|||\u00a0\u00bb global_colors_info=\u00a0\u00bb{}\u00a0\u00bb][et_pb_column type=\u00a0\u00bb4_4&Prime; _builder_version=\u00a0\u00bb4.21.0&Prime; _module_preset=\u00a0\u00bbdefault\u00a0\u00bb global_colors_info=\u00a0\u00bb{}\u00a0\u00bb][et_pb_testimonial _builder_version=\u00a0\u00bb4.21.0&Prime; _module_preset=\u00a0\u00bbdefault\u00a0\u00bb background_color=\u00a0\u00bb#FFFFFF\u00a0\u00bb min_height=\u00a0\u00bb165px\u00a0\u00bb animation_style=\u00a0\u00bbfade\u00a0\u00bb animation_duration=\u00a0\u00bb1700ms\u00a0\u00bb global_colors_info=\u00a0\u00bb{}\u00a0\u00bb]<\/p>\n<p><strong>Didier and Anne Lise Bliguet, parents testify :<\/strong><span style=\"font-weight: 400;\"><\/span><\/p>\n<p><i><span style=\"font-weight: 400;\">\u00ab\u00a0Such a chance that we had to discover 3 years ago the association \u00ab\u00a0Un Copain comme les Autres\u00a0\u00bb, after unsuccessfull years to look for adapted activities for our daughter Youna, 17 years old, mentally challenged. <\/span><\/i><\/p>\n<p><i><span style=\"font-weight: 400;\">She has had finally the opportunity to bloom practicing a variety of activities : dance, mosaics, pottery, adapted sport without challenge of competition or physical performances and without being affraid of judgement of others. She has had the opportunity to enrich herself with all the new relationships with her friends of the association.<br \/><\/span><\/i><\/p>\n<p><i><span style=\"font-weight: 400;\">She has had the opportunity, at her own pace, with confidence, to go beyond her limits thanks to the dedicated profesionnals and the persevering, friendly and listening volunteers.<\/span><\/i><\/p>\n<p><i><span style=\"font-weight: 400;\">She has had the opportunity to be part of great collective adventures, by participating in various shows.<br \/><\/span><\/i><i><span style=\"font-weight: 400;\"><br \/>She has had the opportunity to fulfill her dearest teenage wish : have a rich and varied social life like her brother.<\/span><\/i><\/p>\n<p><i><span style=\"font-weight: 400;\">And for us, parents, it is such a chance to see our daughter who is fulfilled ! It reduces the suffering of having a different child, to which is added the pain of seeing her excluded from existing sport and leisure structures due to lack of financial, human and especially fear of difference.<\/span><\/i><\/p>\n<p><i><span style=\"font-weight: 400;\">We also appreciate a lot the developped friendly and warm relationships between parents, volunteers and professionals as well. This relational network supports us, fuels our daily struggle for a more welcoming world in front of the difference. We learn a lot from each other.<\/span><\/i><\/p>\n<p><em>\u00ab\u00a0Un Copain comme les autres\u00a0\u00bb, it is really an association like no other<\/em><\/p>\n<p><i><span style=\"font-weight: 400;\">Thank you all so, so much !\u00a0\u00bb<\/span><\/i><\/p>\n<p>[\/et_pb_testimonial][\/et_pb_column][\/et_pb_row][\/et_pb_section]<\/p>\n","protected":false},"excerpt":{"rendered":"<p>VolunteersYouna, a young girl, testifies :\u00a0 \u00a0\u00bb I find that UCCLA is useful to many things : to do more activities. I like dancing, circus, music. I have never been able to make music before. It was too hard. There was no room for me. Yet I wanted to&#8230;Mosaic too, it was so good and [&hellip;]<\/p>\n","protected":false},"author":4,"featured_media":0,"parent":0,"menu_order":0,"comment_status":"closed","ping_status":"closed","template":"","meta":{"_et_pb_use_builder":"on","_et_pb_old_content":"","_et_gb_content_width":"","footnotes":""},"class_list":["post-676","page","type-page","status-publish","hentry"],"_links":{"self":[{"href":"https:\/\/uncopaincommelesautres.com\/uccla\/index.php\/wp-json\/wp\/v2\/pages\/676","targetHints":{"allow":["GET"]}}],"collection":[{"href":"https:\/\/uncopaincommelesautres.com\/uccla\/index.php\/wp-json\/wp\/v2\/pages"}],"about":[{"href":"https:\/\/uncopaincommelesautres.com\/uccla\/index.php\/wp-json\/wp\/v2\/types\/page"}],"author":[{"embeddable":true,"href":"https:\/\/uncopaincommelesautres.com\/uccla\/index.php\/wp-json\/wp\/v2\/users\/4"}],"replies":[{"embeddable":true,"href":"https:\/\/uncopaincommelesautres.com\/uccla\/index.php\/wp-json\/wp\/v2\/comments?post=676"}],"version-history":[{"count":6,"href":"https:\/\/uncopaincommelesautres.com\/uccla\/index.php\/wp-json\/wp\/v2\/pages\/676\/revisions"}],"predecessor-version":[{"id":2085,"href":"https:\/\/uncopaincommelesautres.com\/uccla\/index.php\/wp-json\/wp\/v2\/pages\/676\/revisions\/2085"}],"wp:attachment":[{"href":"https:\/\/uncopaincommelesautres.com\/uccla\/index.php\/wp-json\/wp\/v2\/media?parent=676"}],"curies":[{"name":"wp","href":"https:\/\/api.w.org\/{rel}","templated":true}]}}