{"id":682,"date":"2023-04-10T20:19:09","date_gmt":"2023-04-10T18:19:09","guid":{"rendered":"https:\/\/uncopaincommelesautres.com\/uccla\/?page_id=682"},"modified":"2023-05-20T12:39:56","modified_gmt":"2023-05-20T10:39:56","slug":"benevoles-it","status":"publish","type":"page","link":"https:\/\/uncopaincommelesautres.com\/uccla\/index.php\/it\/benevoles-it\/","title":{"rendered":"Volontari"},"content":{"rendered":"<p>[et_pb_section fb_built=\u00a0\u00bb1&Prime; _builder_version=\u00a0\u00bb4.20.4&Prime; _module_preset=\u00a0\u00bbdefault\u00a0\u00bb background_color=\u00a0\u00bb#edb18e\u00a0\u00bb min_height=\u00a0\u00bb170px\u00a0\u00bb custom_margin=\u00a0\u00bb0px||-70px||false|false\u00a0\u00bb custom_padding=\u00a0\u00bb10px||10px||false|false\u00a0\u00bb global_colors_info=\u00a0\u00bb{}\u00a0\u00bb][et_pb_row _builder_version=\u00a0\u00bb4.20.4&Prime; _module_preset=\u00a0\u00bbdefault\u00a0\u00bb min_height=\u00a0\u00bb73.8px\u00a0\u00bb custom_padding=\u00a0\u00bb46px|||||\u00a0\u00bb global_colors_info=\u00a0\u00bb{}\u00a0\u00bb][et_pb_column type=\u00a0\u00bb4_4&Prime; _builder_version=\u00a0\u00bb4.20.4&Prime; _module_preset=\u00a0\u00bbdefault\u00a0\u00bb global_colors_info=\u00a0\u00bb{}\u00a0\u00bb][et_pb_text _builder_version=\u00a0\u00bb4.20.4&Prime; _module_preset=\u00a0\u00bbdefault\u00a0\u00bb text_font=\u00a0\u00bbEnglebert||||||||\u00a0\u00bb text_text_color=\u00a0\u00bb#ed6e00&Prime; text_font_size=\u00a0\u00bb50px\u00a0\u00bb text_orientation=\u00a0\u00bbcenter\u00a0\u00bb min_height=\u00a0\u00bb21px\u00a0\u00bb custom_margin=\u00a0\u00bb||-76px|||\u00a0\u00bb global_colors_info=\u00a0\u00bb{}\u00a0\u00bb]<\/p>\n<p>Volontari<\/p>\n<p>[\/et_pb_text][\/et_pb_column][\/et_pb_row][\/et_pb_section][et_pb_section fb_built=\u00a0\u00bb1&Prime; _builder_version=\u00a0\u00bb4.21.0&Prime; _module_preset=\u00a0\u00bbdefault\u00a0\u00bb background_color=\u00a0\u00bbrgba(12,113,195,0.6)\u00a0\u00bb width=\u00a0\u00bb100%\u00a0\u00bb min_height=\u00a0\u00bb1315.6px\u00a0\u00bb custom_margin=\u00a0\u00bb-12px|||||\u00a0\u00bb custom_padding=\u00a0\u00bb42px||0px|||\u00a0\u00bb global_colors_info=\u00a0\u00bb{}\u00a0\u00bb][et_pb_row _builder_version=\u00a0\u00bb4.21.0&Prime; _module_preset=\u00a0\u00bbdefault\u00a0\u00bb background_color=\u00a0\u00bb#0C71C3&Prime; min_height=\u00a0\u00bb332px\u00a0\u00bb custom_margin=\u00a0\u00bb|auto|-20px|auto||\u00a0\u00bb custom_padding=\u00a0\u00bb||16px|||\u00a0\u00bb global_colors_info=\u00a0\u00bb{}\u00a0\u00bb][et_pb_column type=\u00a0\u00bb4_4&Prime; _builder_version=\u00a0\u00bb4.21.0&Prime; _module_preset=\u00a0\u00bbdefault\u00a0\u00bb global_colors_info=\u00a0\u00bb{}\u00a0\u00bb][et_pb_testimonial _builder_version=\u00a0\u00bb4.21.0&Prime; _module_preset=\u00a0\u00bbdefault\u00a0\u00bb background_color=\u00a0\u00bb#FFFFFF\u00a0\u00bb min_height=\u00a0\u00bb141px\u00a0\u00bb animation_style=\u00a0\u00bbfade\u00a0\u00bb animation_duration=\u00a0\u00bb1700ms\u00a0\u00bb global_colors_info=\u00a0\u00bb{}\u00a0\u00bb]<\/p>\n<p style=\"font-weight: 400;\"><strong>Youna, una giovane testimonia:<\/strong><\/p>\n<p><i><span style=\"font-weight: 400;\"><\/span><\/i><\/p>\n<p style=\"font-weight: 400;\">\u00ab\u00a0Trovo che UCCLA serva a molte cose: a fare pi\u00f9 attivit\u00e0. Mi piace la danza, il circo, la musica. Non ho mai potuto fare musica. Era troppo difficile. &lsquo;Non c&rsquo;era posto per me. Eppure ne avevo tanta voglia&#8230;<\/p>\n<p style=\"font-weight: 400;\">\n<p style=\"font-weight: 400;\">Anche il mosaico era troppo bello e le percussioni anche con Tamburo Battente.<\/p>\n<p style=\"font-weight: 400;\">\u00c8 troppo bello anche perch\u00e9 incontro molte persone: nuovi amici Simon e J\u00e9r\u00e9my e nuove amiche: Caroline e anche vecchie amiche di scuola che vengono a fare le attivit\u00e0 con me: Julia, Am\u00e9lie e Laura.<\/p>\n<p style=\"font-weight: 400;\">\n<p style=\"font-weight: 400;\">Mi piace anche quando facciamo festa insieme: il boom di Natale o la festa dei 5 anni alla Papini\u00e8re. Era cos\u00ec divertente vedere i genitori ballare con i miei tessuti come noi. Ridevo da morire. Mi piace quando Dominique d\u00e0 il programma delle attivit\u00e0. Scrivo tutte le mie uscite sul mio cellulare.\u00a0\u00bb<\/p>\n<p>[\/et_pb_testimonial][\/et_pb_column][\/et_pb_row][et_pb_row _builder_version=\u00a0\u00bb4.21.0&Prime; _module_preset=\u00a0\u00bbdefault\u00a0\u00bb background_color=\u00a0\u00bb#0C71C3&Prime; custom_padding=\u00a0\u00bb31px|||||\u00a0\u00bb global_colors_info=\u00a0\u00bb{}\u00a0\u00bb][et_pb_column type=\u00a0\u00bb4_4&Prime; _builder_version=\u00a0\u00bb4.21.0&Prime; _module_preset=\u00a0\u00bbdefault\u00a0\u00bb global_colors_info=\u00a0\u00bb{}\u00a0\u00bb][et_pb_testimonial _builder_version=\u00a0\u00bb4.21.0&Prime; _module_preset=\u00a0\u00bbdefault\u00a0\u00bb background_color=\u00a0\u00bb#FFFFFF\u00a0\u00bb min_height=\u00a0\u00bb130px\u00a0\u00bb custom_margin=\u00a0\u00bb||-26px|||\u00a0\u00bb animation_style=\u00a0\u00bbfade\u00a0\u00bb animation_duration=\u00a0\u00bb1700ms\u00a0\u00bb global_colors_info=\u00a0\u00bb{}\u00a0\u00bb]<\/p>\n<p style=\"font-weight: 400;\"><strong>Gaylord, volontario attivo dell&rsquo;associazione, testimonia:\u00a0<\/strong><\/p>\n<p><span style=\"font-weight: 400;\"><\/span><\/p>\n<p style=\"font-weight: 400;\">\u00ab\u00a0Ho conosciuto l&rsquo;associazione un po&rsquo; per caso. <span>Mi ero appena trasferito ed ero perso nei miei nuovi punti di riferimento, ho cercato un posto dove investire. <\/span>Avevo tempo e amore da dare come si suol dire. Cos\u00ec ho trovato un Amico Come Gli Altri.<\/p>\n<p style=\"font-weight: 400;\">Ignoravo totalmente il mondo della disabilit\u00e0, ed egoisticamente, ho voluto cogliere ci\u00f2 che mi faceva paura! Dando la mia persona, avevo intenzione di aiutarli. Ma mi sono preso uno schiaffo alla mia prima visita, perch\u00e9 invece di portare loro qualcosa, \u00e8 successo il contrario! <span>Sono stato confrontato con bambini, come gli altri, che da allora ignoravo. Mi hanno dato e mi portano ogni giorno dall&rsquo;Amore allo stato grezzo. <\/span>Con l&rsquo;innocenza di un bambino.<\/p>\n<p style=\"font-weight: 400;\">Hanno cambiato radicalmente la mia vita e tutti i miei cari lo testimoniano. C&rsquo;\u00e8 un prima di UCCLA e un dopo. Non \u00e8 lo stesso uomo che ne esce. Non vedo pi\u00f9 la mia vita senza di loro. E quando mi dicono che mi impegno molto, rispondo di no, \u00e8 solo che gli restituisco il favore. Quando le cose sono fatte naturalmente, non si ha l&rsquo;impressione che il coinvolgimento sia tale\u00a0\u00bb<\/p>\n<p style=\"font-weight: 400;\">\u00ab\u00a0Non li ringrazier\u00f2 mai abbastanza, miei Amici Come gli Altri\u00a0\u00bb<\/p>\n<p>[\/et_pb_testimonial][\/et_pb_column][\/et_pb_row][et_pb_row _builder_version=\u00a0\u00bb4.21.0&Prime; _module_preset=\u00a0\u00bbdefault\u00a0\u00bb background_color=\u00a0\u00bb#0C71C3&Prime; min_height=\u00a0\u00bb564px\u00a0\u00bb custom_padding=\u00a0\u00bb||1px|||\u00a0\u00bb global_colors_info=\u00a0\u00bb{}\u00a0\u00bb][et_pb_column type=\u00a0\u00bb4_4&Prime; _builder_version=\u00a0\u00bb4.21.0&Prime; _module_preset=\u00a0\u00bbdefault\u00a0\u00bb global_colors_info=\u00a0\u00bb{}\u00a0\u00bb][et_pb_testimonial _builder_version=\u00a0\u00bb4.21.0&Prime; _module_preset=\u00a0\u00bbdefault\u00a0\u00bb background_color=\u00a0\u00bb#FFFFFF\u00a0\u00bb min_height=\u00a0\u00bb165px\u00a0\u00bb animation_style=\u00a0\u00bbfade\u00a0\u00bb animation_duration=\u00a0\u00bb1700ms\u00a0\u00bb global_colors_info=\u00a0\u00bb{}\u00a0\u00bb]<\/p>\n<p style=\"font-weight: 400;\"><strong>Didier e Anne Lise Bliguet, genitori testimoniano:<\/strong><\/p>\n<p><span style=\"font-weight: 400;\"><\/span><\/p>\n<p style=\"font-weight: 400;\">\u00ab\u00a0Che fortuna abbiamo avuto a scoprire, tre anni fa, l&rsquo;associazione \u00abUn amico Come Gli Altri\u00bb dopo anni di vane ricerche di attivit\u00e0 adattate per nostra figlia Youna, 17 anni, ritardata mentale.<\/p>\n<p style=\"font-weight: 400;\">\n<p style=\"font-weight: 400;\">Ha potuto infine prosperare praticando nuove attivit\u00e0 diverse e varie: danza, mosaico, ceramica, sport adattato, senza ostacoli di competizione o prestazioni fisiche e senza la paura del giudizio degli altri. Ha potuto arricchirsi di tutte le nuove relazioni con i suoi amici dell&rsquo;associazione.<\/p>\n<p style=\"font-weight: 400;\">\n<p style=\"font-weight: 400;\">Ha potuto al suo ritmo, con fiducia, superare i suoi limiti grazie ai professionisti dedicati e ai volontari perseveranti cordiali, sempre in ascolto.<\/p>\n<p style=\"font-weight: 400;\">\n<p style=\"font-weight: 400;\">Ha potuto vivere belle avventure collettive partecipando a vari spettacoli.<\/p>\n<p style=\"font-weight: 400;\">\n<p style=\"font-weight: 400;\">Ha potuto realizzare il suo desiderio pi\u00f9 caro di adolescente; avere una vita sociale ricca e varia come suo fratello.<\/p>\n<p style=\"font-weight: 400;\">\n<p style=\"font-weight: 400;\">E per noi genitori, che fortuna vedere nostra figlia sbocciare! Questo allevia la sofferenza di avere un figlio diverso, a cui si aggiunge il dolore di vederla esclusa dalle strutture sportive e ricreative esistenti per mancanza di mezzi finanziari, umani e soprattutto per paura della differenza.<\/p>\n<p style=\"font-weight: 400;\">\n<p style=\"font-weight: 400;\">Apprezziamo molto anche le relazioni amichevoli e calorose che si sviluppano tra genitori, volontari e professionisti. Questo tessuto relazionale ci sostiene, alimenta la nostra lotta quotidiana per un mondo un po&rsquo; pi\u00f9 accogliente di fronte alla differenza. Impariamo molto gli uni dagli altri.<\/p>\n<p style=\"font-weight: 400;\">\n<p style=\"font-weight: 400;\">\u00ab\u00a0Un Amico come gli Altri\u00a0\u00bb \u00e8 davvero un&rsquo;associazione come nessun&rsquo;altra.<\/p>\n<p style=\"font-weight: 400;\">\n<p style=\"font-weight: 400;\">Grazie a tutti dal profondo del cuore!\u00a0\u00bb<\/p>\n<p style=\"font-weight: 400;\">[\/et_pb_testimonial][\/et_pb_column][\/et_pb_row][\/et_pb_section]<\/p>\n","protected":false},"excerpt":{"rendered":"<p>VolontariYouna, una giovane testimonia: \u00ab\u00a0Trovo che UCCLA serva a molte cose: a fare pi\u00f9 attivit\u00e0. Mi piace la danza, il circo, la musica. Non ho mai potuto fare musica. Era troppo difficile. &lsquo;Non c&rsquo;era posto per me. Eppure ne avevo tanta voglia&#8230; Anche il mosaico era troppo bello e le percussioni anche con Tamburo Battente. [&hellip;]<\/p>\n","protected":false},"author":4,"featured_media":0,"parent":0,"menu_order":0,"comment_status":"closed","ping_status":"closed","template":"","meta":{"_et_pb_use_builder":"on","_et_pb_old_content":"","_et_gb_content_width":"","footnotes":""},"class_list":["post-682","page","type-page","status-publish","hentry"],"_links":{"self":[{"href":"https:\/\/uncopaincommelesautres.com\/uccla\/index.php\/wp-json\/wp\/v2\/pages\/682","targetHints":{"allow":["GET"]}}],"collection":[{"href":"https:\/\/uncopaincommelesautres.com\/uccla\/index.php\/wp-json\/wp\/v2\/pages"}],"about":[{"href":"https:\/\/uncopaincommelesautres.com\/uccla\/index.php\/wp-json\/wp\/v2\/types\/page"}],"author":[{"embeddable":true,"href":"https:\/\/uncopaincommelesautres.com\/uccla\/index.php\/wp-json\/wp\/v2\/users\/4"}],"replies":[{"embeddable":true,"href":"https:\/\/uncopaincommelesautres.com\/uccla\/index.php\/wp-json\/wp\/v2\/comments?post=682"}],"version-history":[{"count":7,"href":"https:\/\/uncopaincommelesautres.com\/uccla\/index.php\/wp-json\/wp\/v2\/pages\/682\/revisions"}],"predecessor-version":[{"id":2143,"href":"https:\/\/uncopaincommelesautres.com\/uccla\/index.php\/wp-json\/wp\/v2\/pages\/682\/revisions\/2143"}],"wp:attachment":[{"href":"https:\/\/uncopaincommelesautres.com\/uccla\/index.php\/wp-json\/wp\/v2\/media?parent=682"}],"curies":[{"name":"wp","href":"https:\/\/api.w.org\/{rel}","templated":true}]}}