{"id":730,"date":"2023-04-10T20:28:02","date_gmt":"2023-04-10T18:28:02","guid":{"rendered":"https:\/\/uncopaincommelesautres.com\/uccla\/?page_id=730"},"modified":"2023-05-19T18:59:10","modified_gmt":"2023-05-19T16:59:10","slug":"histoire-it","status":"publish","type":"page","link":"https:\/\/uncopaincommelesautres.com\/uccla\/index.php\/it\/histoire-it\/","title":{"rendered":"Storia"},"content":{"rendered":"<p>[et_pb_section fb_built=\u00a0\u00bb1&Prime; _builder_version=\u00a0\u00bb4.21.0&Prime; _module_preset=\u00a0\u00bbdefault\u00a0\u00bb background_color=\u00a0\u00bb#edb18e\u00a0\u00bb custom_margin=\u00a0\u00bb||||false|false\u00a0\u00bb custom_padding=\u00a0\u00bb10px||10px||false|false\u00a0\u00bb animation_style=\u00a0\u00bbfade\u00a0\u00bb animation_duration=\u00a0\u00bb1700ms\u00a0\u00bb global_colors_info=\u00a0\u00bb{}\u00a0\u00bb][et_pb_row _builder_version=\u00a0\u00bb4.20.4&Prime; _module_preset=\u00a0\u00bbdefault\u00a0\u00bb custom_padding=\u00a0\u00bb42px||3px|||\u00a0\u00bb global_colors_info=\u00a0\u00bb{}\u00a0\u00bb][et_pb_column type=\u00a0\u00bb4_4&Prime; _builder_version=\u00a0\u00bb4.20.4&Prime; _module_preset=\u00a0\u00bbdefault\u00a0\u00bb global_colors_info=\u00a0\u00bb{}\u00a0\u00bb][et_pb_text _builder_version=\u00a0\u00bb4.21.0&Prime; _module_preset=\u00a0\u00bbdefault\u00a0\u00bb text_font=\u00a0\u00bbEnglebert||||||||\u00a0\u00bb text_text_color=\u00a0\u00bb#ed6e00&Prime; text_font_size=\u00a0\u00bb50px\u00a0\u00bb text_orientation=\u00a0\u00bbcenter\u00a0\u00bb hover_enabled=\u00a0\u00bb0&Prime; global_colors_info=\u00a0\u00bb{}\u00a0\u00bb sticky_enabled=\u00a0\u00bb0&Prime;]<\/p>\n<p>Storia<\/p>\n<p>[\/et_pb_text][\/et_pb_column][\/et_pb_row][\/et_pb_section][et_pb_section fb_built=\u00a0\u00bb1&Prime; admin_label=\u00a0\u00bbServices\u00a0\u00bb _builder_version=\u00a0\u00bb4.21.0&Prime; _module_preset=\u00a0\u00bbdefault\u00a0\u00bb background_color=\u00a0\u00bb#e6ecf7&Prime; background_image=\u00a0\u00bbhttps:\/\/uncopaincommelesautres.com\/uccla\/wp-content\/uploads\/2023\/05\/feteuccla29-1.jpeg\u00a0\u00bb min_height=\u00a0\u00bb854.4px\u00a0\u00bb custom_padding=\u00a0\u00bb85px||1px|||\u00a0\u00bb collapsed=\u00a0\u00bbon\u00a0\u00bb global_colors_info=\u00a0\u00bb{}\u00a0\u00bb][et_pb_row _builder_version=\u00a0\u00bb4.21.0&Prime; _module_preset=\u00a0\u00bbdefault\u00a0\u00bb background_color=\u00a0\u00bbrgba(230,236,247,0.85)\u00a0\u00bb min_height=\u00a0\u00bb682.4px\u00a0\u00bb custom_padding=\u00a0\u00bb0px||12px|||\u00a0\u00bb border_width_all=\u00a0\u00bb12px\u00a0\u00bb border_color_all=\u00a0\u00bbRGBA(255,255,255,0)\u00a0\u00bb border_width_bottom=\u00a0\u00bb0px\u00a0\u00bb global_colors_info=\u00a0\u00bb{}\u00a0\u00bb][et_pb_column type=\u00a0\u00bb4_4&Prime; _builder_version=\u00a0\u00bb4.20.4&Prime; _module_preset=\u00a0\u00bbdefault\u00a0\u00bb global_colors_info=\u00a0\u00bb{}\u00a0\u00bb][et_pb_text _builder_version=\u00a0\u00bb4.21.0&Prime; _module_preset=\u00a0\u00bbdefault\u00a0\u00bb text_text_color=\u00a0\u00bb#000000&Prime; text_font_size=\u00a0\u00bb19px\u00a0\u00bb text_orientation=\u00a0\u00bbjustified\u00a0\u00bb animation_style=\u00a0\u00bbfade\u00a0\u00bb animation_duration=\u00a0\u00bb1700ms\u00a0\u00bb global_colors_info=\u00a0\u00bb{}\u00a0\u00bb]<\/p>\n<p style=\"font-weight: 400;\">All&rsquo;origine dell&rsquo;associazione c&rsquo;\u00e8 l&rsquo;incontro tra due famiglie, ognuna con un figlio portatore di handicap. Durante il giorno o la settimana, il loro bambino riceve le cure necessarie in strutture specializzate. Ma, oltre a queste prese in carico, questi bambini sentono un vivo isolamento: pochi o nessun incontro con altri loro coetanei, poche possibilit\u00e0 di iscriversi a un club&#8230;<\/p>\n<p style=\"font-weight: 400;\">Nel maggio 2004 queste famiglie lanciarono un appello alla stampa. Una ventina di persone dei comuni di Treilli\u00e8res, La Chapelle-sur-Erdre e Suc\u00e9-sur-Erdre rispondono: genitori di bambini, giovani, adulti con disabilit\u00e0 o persone sensibilizzate a questa domanda.\u00a0<\/p>\n<p style=\"font-weight: 400;\">La municipalit\u00e0 di Treilli\u00e8res, la scuola pubblica Alexandre Vincent sostengono fortemente questa iniziativa prestando gratuitamente una sala polivalente. L&rsquo;associazione organizza con bambini disabili e disabili un&rsquo;iniziazione judo, dei laboratori manuali e varie uscite scoperte.<\/p>\n<p style=\"font-weight: 400;\">Quattro anni dopo, l&rsquo;associazione si trova ad affrontare una domanda sempre pi\u00f9 importante di adesioni, alla quale difficilmente pu\u00f2 rispondere. Cos\u00ec, riunisce 110 aderenti: adulti e bambini (di cui 30 portatori di handicap) che risiedono sul cantone.<\/p>\n<p style=\"font-weight: 400;\">Nella maggior parte dei casi organizza due volte a settimana: il mercoled\u00ec, o il fine settimana, attivit\u00e0 che riuniscono, se possibile, bambini e ragazzi con disabilit\u00e0 e altri validi attorno allo sport (sport adattato, judo, vela, arrampicata), attivit\u00e0 artistiche (danza, teatro, ceramica, musica), lavori manuali (giardinaggio, cucina), scoperte (Chez Clochette e Libellule, Promenade con gli asini) e in occasione di incontri ricreativi in occasione di Natale, festa della musica, fine settimana.<\/p>\n<p style=\"font-weight: 400;\">L&rsquo;associazione \u00e8 cantonale (La Chapelle-sur-Erdre, Treilli\u00e8res e Suc\u00e9-sur-Erdre). Il suo obiettivo di prossimit\u00e0 \u00e8 importante affinch\u00e9 le famiglie possano ritrovarsi all&rsquo;interno dei loro comuni e quartieri. Per questo motivo, l&rsquo;associazione non pu\u00f2 accettare tutte le famiglie dell&rsquo;agglomerato di Nantes, ma \u00e8 disposta ad aiutare altre famiglie a creare lo stesso tipo di associazione in altri settori di Nantes.<\/p>\n<p style=\"font-weight: 400;\">Oggi l&rsquo;associazione conta 35 soci, con una maggioranza di persone valide, e questo sempre di pi\u00f9.<\/p>\n<p>[\/et_pb_text][\/et_pb_column][\/et_pb_row][\/et_pb_section]<\/p>\n","protected":false},"excerpt":{"rendered":"<p>StoriaAll&rsquo;origine dell&rsquo;associazione c&rsquo;\u00e8 l&rsquo;incontro tra due famiglie, ognuna con un figlio portatore di handicap. Durante il giorno o la settimana, il loro bambino riceve le cure necessarie in strutture specializzate. Ma, oltre a queste prese in carico, questi bambini sentono un vivo isolamento: pochi o nessun incontro con altri loro coetanei, poche possibilit\u00e0 di iscriversi [&hellip;]<\/p>\n","protected":false},"author":4,"featured_media":0,"parent":0,"menu_order":0,"comment_status":"closed","ping_status":"closed","template":"","meta":{"_et_pb_use_builder":"on","_et_pb_old_content":"","_et_gb_content_width":"","footnotes":""},"class_list":["post-730","page","type-page","status-publish","hentry"],"_links":{"self":[{"href":"https:\/\/uncopaincommelesautres.com\/uccla\/index.php\/wp-json\/wp\/v2\/pages\/730","targetHints":{"allow":["GET"]}}],"collection":[{"href":"https:\/\/uncopaincommelesautres.com\/uccla\/index.php\/wp-json\/wp\/v2\/pages"}],"about":[{"href":"https:\/\/uncopaincommelesautres.com\/uccla\/index.php\/wp-json\/wp\/v2\/types\/page"}],"author":[{"embeddable":true,"href":"https:\/\/uncopaincommelesautres.com\/uccla\/index.php\/wp-json\/wp\/v2\/users\/4"}],"replies":[{"embeddable":true,"href":"https:\/\/uncopaincommelesautres.com\/uccla\/index.php\/wp-json\/wp\/v2\/comments?post=730"}],"version-history":[{"count":6,"href":"https:\/\/uncopaincommelesautres.com\/uccla\/index.php\/wp-json\/wp\/v2\/pages\/730\/revisions"}],"predecessor-version":[{"id":1973,"href":"https:\/\/uncopaincommelesautres.com\/uccla\/index.php\/wp-json\/wp\/v2\/pages\/730\/revisions\/1973"}],"wp:attachment":[{"href":"https:\/\/uncopaincommelesautres.com\/uccla\/index.php\/wp-json\/wp\/v2\/media?parent=730"}],"curies":[{"name":"wp","href":"https:\/\/api.w.org\/{rel}","templated":true}]}}