{"id":733,"date":"2023-04-10T20:28:13","date_gmt":"2023-04-10T18:28:13","guid":{"rendered":"https:\/\/uncopaincommelesautres.com\/uccla\/?page_id=733"},"modified":"2023-05-20T15:25:24","modified_gmt":"2023-05-20T13:25:24","slug":"histoire-falc","status":"publish","type":"page","link":"https:\/\/uncopaincommelesautres.com\/uccla\/index.php\/falc\/histoire-falc\/","title":{"rendered":"Histoire falc"},"content":{"rendered":"<p>[et_pb_section fb_built=\u00a0\u00bb1&Prime; _builder_version=\u00a0\u00bb4.21.0&Prime; _module_preset=\u00a0\u00bbdefault\u00a0\u00bb background_color=\u00a0\u00bb#edb18e\u00a0\u00bb custom_margin=\u00a0\u00bb||||false|false\u00a0\u00bb custom_padding=\u00a0\u00bb10px||10px||false|false\u00a0\u00bb animation_style=\u00a0\u00bbfade\u00a0\u00bb animation_duration=\u00a0\u00bb1700ms\u00a0\u00bb global_colors_info=\u00a0\u00bb{}\u00a0\u00bb][et_pb_row _builder_version=\u00a0\u00bb4.20.4&Prime; _module_preset=\u00a0\u00bbdefault\u00a0\u00bb custom_padding=\u00a0\u00bb42px||3px|||\u00a0\u00bb global_colors_info=\u00a0\u00bb{}\u00a0\u00bb][et_pb_column type=\u00a0\u00bb4_4&Prime; _builder_version=\u00a0\u00bb4.20.4&Prime; _module_preset=\u00a0\u00bbdefault\u00a0\u00bb global_colors_info=\u00a0\u00bb{}\u00a0\u00bb][et_pb_text _builder_version=\u00a0\u00bb4.20.4&Prime; _module_preset=\u00a0\u00bbdefault\u00a0\u00bb text_font=\u00a0\u00bbEnglebert||||||||\u00a0\u00bb text_text_color=\u00a0\u00bb#ed6e00&Prime; text_font_size=\u00a0\u00bb50px\u00a0\u00bb text_orientation=\u00a0\u00bbcenter\u00a0\u00bb global_colors_info=\u00a0\u00bb{}\u00a0\u00bb]<\/p>\n<p>Histoire<\/p>\n<p>[\/et_pb_text][\/et_pb_column][\/et_pb_row][\/et_pb_section][et_pb_section fb_built=\u00a0\u00bb1&Prime; admin_label=\u00a0\u00bbServices\u00a0\u00bb _builder_version=\u00a0\u00bb4.21.0&Prime; _module_preset=\u00a0\u00bbdefault\u00a0\u00bb background_color=\u00a0\u00bb#e6ecf7&Prime; background_image=\u00a0\u00bbhttps:\/\/uncopaincommelesautres.com\/uccla\/wp-content\/uploads\/2023\/05\/feteuccla29-1.jpeg\u00a0\u00bb min_height=\u00a0\u00bb854.4px\u00a0\u00bb custom_padding=\u00a0\u00bb85px||1px|||\u00a0\u00bb collapsed=\u00a0\u00bbon\u00a0\u00bb global_colors_info=\u00a0\u00bb{}\u00a0\u00bb][et_pb_row _builder_version=\u00a0\u00bb4.21.0&Prime; _module_preset=\u00a0\u00bbdefault\u00a0\u00bb background_color=\u00a0\u00bbrgba(230,236,247,0.85)\u00a0\u00bb min_height=\u00a0\u00bb682.4px\u00a0\u00bb custom_padding=\u00a0\u00bb0px||12px|||\u00a0\u00bb border_width_all=\u00a0\u00bb12px\u00a0\u00bb border_color_all=\u00a0\u00bbRGBA(255,255,255,0)\u00a0\u00bb border_width_bottom=\u00a0\u00bb0px\u00a0\u00bb global_colors_info=\u00a0\u00bb{}\u00a0\u00bb][et_pb_column type=\u00a0\u00bb4_4&Prime; _builder_version=\u00a0\u00bb4.20.4&Prime; _module_preset=\u00a0\u00bbdefault\u00a0\u00bb global_colors_info=\u00a0\u00bb{}\u00a0\u00bb][et_pb_text _builder_version=\u00a0\u00bb4.21.0&Prime; _module_preset=\u00a0\u00bbdefault\u00a0\u00bb text_text_color=\u00a0\u00bb#000000&Prime; text_font_size=\u00a0\u00bb19px\u00a0\u00bb text_orientation=\u00a0\u00bbjustified\u00a0\u00bb animation_style=\u00a0\u00bbfade\u00a0\u00bb animation_duration=\u00a0\u00bb1700ms\u00a0\u00bb hover_enabled=\u00a0\u00bb0&Prime; global_colors_info=\u00a0\u00bb{}\u00a0\u00bb sticky_enabled=\u00a0\u00bb0&Prime;]<\/p>\n<p><span style=\"font-weight: 400;\">A l&rsquo;origine de l&rsquo;association, il y a la rencontre entre deux familles, qui ont chacun un enfant en situation de handicap. Au cours de la journ\u00e9e ou de la semaine, leur enfant re\u00e7oit les soins n\u00e9cessaires dans des structures sp\u00e9cialis\u00e9es. Mais, m\u00eames avec ces passages dans les structures, ces enfants se sentent isol\u00e9s: ils ne rencontrent pas beaucoup de jeunes de leur \u00e2ge, et ils n&rsquo;ont pas la possibilit\u00e9 de s&rsquo;isncrirep dans un club\u2026<\/span><\/p>\n<p><span style=\"font-weight: 400;\">En mai 2004, ces familles lancent un appel dans la presse. Une vingtaine de personnes des communes de Treilli\u00e8res, de La Chapelle-sur-Erdre et de Suc\u00e9-sur-Erdre y r\u00e9pondent : parents d&rsquo;enfants, de jeunes, d&rsquo;adultes porteurs d&rsquo;un handicap ou personnes sensibilis\u00e9es \u00e0 cette question.\u00a0<\/span><\/p>\n<p><span style=\"font-weight: 400;\">La mairie de Treilli\u00e8res, l&rsquo;\u00e9cole publique Alexandre Vincent soutiennent fortement cette initiative en pr\u00eatant une salle. L&rsquo;association organise une initiation judo, des ateliers manuels et diverses sorties d\u00e9couvertes pour les enfants en situation de handicap et les enfants valides<\/span><\/p>\n<p><span style=\"font-weight: 400;\">Quatre ans plus tard, l&rsquo;association r\u00e9\u00e7oit de plus en plus de demandes pour \u00eatre dans l&rsquo;association. Ainsi, elle r\u00e9unit 110 adh\u00e9rents: adultes et enfants (dont 30 porteurs d&rsquo;un handicap) qui habitent dans la m\u00eame r\u00e9gion.<\/span><\/p>\n<p><span style=\"font-weight: 400;\">Elle organise le plus souvent deux fois par semaine: le mercredi, ou le week end, des activit\u00e9s rassemblant, si possible, enfants et jeunes en situation de handicap et d&rsquo;autres valides autour du sport (sport adapt\u00e9, judo, voile, escalade), d&rsquo;activit\u00e9s artistiques (danse,\u00a0 th\u00e9\u00e2tre,\u00a0 poterie,\u00a0 musique), de travaux manuels (jardinage, cuisine), de d\u00e9couvertes (Chez Clochette et Libellule, Promenade avec les \u00e2nes) et lors de rencontres divertissantes \u00e0 l&rsquo;occasion de No\u00ebl, de la f\u00eate de la musique, de week-ends.<\/span><\/p>\n<p><span style=\"font-weight: 400;\">L&rsquo;association est cantonale (La Chapelle-sur-Erdre, Treilli\u00e8res et Suc\u00e9-sur-Erdre). Son objectif de proximit\u00e9 est important pour que les familles puissent se retrouver au sein de leurs communes et quartiers. C&rsquo;est pourquoi, l&rsquo;association ne peut pas accepter toutes les familles de l&rsquo;agglom\u00e9ration nantaise; elle est cependant dispos\u00e9e \u00e0 aider d&rsquo;autres familles \u00e0 cr\u00e9er le m\u00eame type d&rsquo;association dans d&rsquo;autres secteurs de Nantes.<\/span><\/p>\n<p><span style=\"font-weight: 400;\">Aujourd\u2019hui, l\u2019association compte 35 adh\u00e9rents, avec une majorit\u00e9 de personnes valides, et l&rsquo;association continue de grandir de jour en jour !<\/span><\/p>\n<p>[\/et_pb_text][\/et_pb_column][\/et_pb_row][\/et_pb_section]<\/p>\n","protected":false},"excerpt":{"rendered":"<p>HistoireA l&rsquo;origine de l&rsquo;association, il y a la rencontre entre deux familles, qui ont chacun un enfant en situation de handicap. Au cours de la journ\u00e9e ou de la semaine, leur enfant re\u00e7oit les soins n\u00e9cessaires dans des structures sp\u00e9cialis\u00e9es. Mais, m\u00eames avec ces passages dans les structures, ces enfants se sentent isol\u00e9s: ils ne [&hellip;]<\/p>\n","protected":false},"author":4,"featured_media":0,"parent":0,"menu_order":0,"comment_status":"closed","ping_status":"closed","template":"","meta":{"_et_pb_use_builder":"on","_et_pb_old_content":"","_et_gb_content_width":"","footnotes":""},"class_list":["post-733","page","type-page","status-publish","hentry"],"_links":{"self":[{"href":"https:\/\/uncopaincommelesautres.com\/uccla\/index.php\/wp-json\/wp\/v2\/pages\/733","targetHints":{"allow":["GET"]}}],"collection":[{"href":"https:\/\/uncopaincommelesautres.com\/uccla\/index.php\/wp-json\/wp\/v2\/pages"}],"about":[{"href":"https:\/\/uncopaincommelesautres.com\/uccla\/index.php\/wp-json\/wp\/v2\/types\/page"}],"author":[{"embeddable":true,"href":"https:\/\/uncopaincommelesautres.com\/uccla\/index.php\/wp-json\/wp\/v2\/users\/4"}],"replies":[{"embeddable":true,"href":"https:\/\/uncopaincommelesautres.com\/uccla\/index.php\/wp-json\/wp\/v2\/comments?post=733"}],"version-history":[{"count":5,"href":"https:\/\/uncopaincommelesautres.com\/uccla\/index.php\/wp-json\/wp\/v2\/pages\/733\/revisions"}],"predecessor-version":[{"id":2263,"href":"https:\/\/uncopaincommelesautres.com\/uccla\/index.php\/wp-json\/wp\/v2\/pages\/733\/revisions\/2263"}],"wp:attachment":[{"href":"https:\/\/uncopaincommelesautres.com\/uccla\/index.php\/wp-json\/wp\/v2\/media?parent=733"}],"curies":[{"name":"wp","href":"https:\/\/api.w.org\/{rel}","templated":true}]}}