{"id":742,"date":"2023-04-10T20:29:11","date_gmt":"2023-04-10T18:29:11","guid":{"rendered":"https:\/\/uncopaincommelesautres.com\/uccla\/?page_id=742"},"modified":"2023-05-20T12:48:08","modified_gmt":"2023-05-20T10:48:08","slug":"intervenants-it","status":"publish","type":"page","link":"https:\/\/uncopaincommelesautres.com\/uccla\/index.php\/it\/intervenants-it\/","title":{"rendered":"Relatori"},"content":{"rendered":"<p>[et_pb_section fb_built=\u00a0\u00bb1&Prime; _builder_version=\u00a0\u00bb4.20.4&Prime; _module_preset=\u00a0\u00bbdefault\u00a0\u00bb background_color=\u00a0\u00bb#edb18e\u00a0\u00bb min_height=\u00a0\u00bb44.8px\u00a0\u00bb custom_margin=\u00a0\u00bb||||false|false\u00a0\u00bb custom_padding=\u00a0\u00bb10px||0px||false|false\u00a0\u00bb global_colors_info=\u00a0\u00bb{}\u00a0\u00bb theme_builder_area=\u00a0\u00bbpost_content\u00a0\u00bb][et_pb_row _builder_version=\u00a0\u00bb4.20.4&Prime; _module_preset=\u00a0\u00bbdefault\u00a0\u00bb min_height=\u00a0\u00bb67.8px\u00a0\u00bb custom_padding=\u00a0\u00bb47px||18px|||\u00a0\u00bb global_colors_info=\u00a0\u00bb{}\u00a0\u00bb theme_builder_area=\u00a0\u00bbpost_content\u00a0\u00bb][et_pb_column type=\u00a0\u00bb4_4&Prime; _builder_version=\u00a0\u00bb4.20.4&Prime; _module_preset=\u00a0\u00bbdefault\u00a0\u00bb global_colors_info=\u00a0\u00bb{}\u00a0\u00bb theme_builder_area=\u00a0\u00bbpost_content\u00a0\u00bb][et_pb_text _builder_version=\u00a0\u00bb4.21.0&Prime; _module_preset=\u00a0\u00bbdefault\u00a0\u00bb text_font=\u00a0\u00bbEnglebert||||||||\u00a0\u00bb text_text_color=\u00a0\u00bb#ed6e00&Prime; text_font_size=\u00a0\u00bb50px\u00a0\u00bb text_orientation=\u00a0\u00bbcenter\u00a0\u00bb min_height=\u00a0\u00bb26.8px\u00a0\u00bb global_colors_info=\u00a0\u00bb{}\u00a0\u00bb theme_builder_area=\u00a0\u00bbpost_content\u00a0\u00bb]<\/p>\n<p>Relatori<\/p>\n<p>[\/et_pb_text][\/et_pb_column][\/et_pb_row][\/et_pb_section][et_pb_section fb_built=\u00a0\u00bb1&Prime; _builder_version=\u00a0\u00bb4.21.0&Prime; _module_preset=\u00a0\u00bbdefault\u00a0\u00bb background_color=\u00a0\u00bbrgba(237,240,0,0.44)\u00a0\u00bb custom_padding=\u00a0\u00bb4px||10px|||\u00a0\u00bb animation_style=\u00a0\u00bbfade\u00a0\u00bb animation_duration=\u00a0\u00bb1700ms\u00a0\u00bb global_colors_info=\u00a0\u00bb{}\u00a0\u00bb theme_builder_area=\u00a0\u00bbpost_content\u00a0\u00bb][et_pb_row _builder_version=\u00a0\u00bb4.21.0&Prime; _module_preset=\u00a0\u00bbdefault\u00a0\u00bb global_colors_info=\u00a0\u00bb{}\u00a0\u00bb theme_builder_area=\u00a0\u00bbpost_content\u00a0\u00bb][et_pb_column type=\u00a0\u00bb4_4&Prime; _builder_version=\u00a0\u00bb4.21.0&Prime; _module_preset=\u00a0\u00bbdefault\u00a0\u00bb global_colors_info=\u00a0\u00bb{}\u00a0\u00bb theme_builder_area=\u00a0\u00bbpost_content\u00a0\u00bb][et_pb_testimonial _builder_version=\u00a0\u00bb4.21.0&Prime; _module_preset=\u00a0\u00bbdefault\u00a0\u00bb background_color=\u00a0\u00bb#FFFFFF\u00a0\u00bb min_height=\u00a0\u00bb141px\u00a0\u00bb global_colors_info=\u00a0\u00bb{}\u00a0\u00bb theme_builder_area=\u00a0\u00bbpost_content\u00a0\u00bb]<\/p>\n<p style=\"font-weight: 400;\">\u00ab\u00a0L&rsquo;obiettivo del workshop \u00e8 quello di praticare e scoprire il piacere della danza in un ambiente aperto a tutti. La danza mira all&rsquo;acquisizione di competenze e conoscenze utili per conoscere meglio il proprio corpo e utilizzarlo per esprimersi nel contesto della ricerca di un benessere attraverso la realizzazione di s\u00e9. L&rsquo;idea \u00e8 di sviluppare la curiosit\u00e0 verso la creazione artistica come attore ma anche come spettatore.\u00a0\u00bb<\/p>\n<p style=\"font-weight: 400;\"><strong>Il laboratorio di Danza \u00e8 animato da Muriel Vasse, insegnante di danza e coreografo della compagnia Hamadryade.<\/strong><\/p>\n<p>[\/et_pb_testimonial][\/et_pb_column][\/et_pb_row][\/et_pb_section][et_pb_section fb_built=\u00a0\u00bb1&Prime; _builder_version=\u00a0\u00bb4.21.0&Prime; _module_preset=\u00a0\u00bbdefault\u00a0\u00bb background_color=\u00a0\u00bbrgba(224,153,0,0.34)\u00a0\u00bb custom_padding=\u00a0\u00bb4px||10px|||\u00a0\u00bb animation_style=\u00a0\u00bbfade\u00a0\u00bb animation_duration=\u00a0\u00bb1700ms\u00a0\u00bb global_colors_info=\u00a0\u00bb{}\u00a0\u00bb theme_builder_area=\u00a0\u00bbpost_content\u00a0\u00bb][et_pb_row _builder_version=\u00a0\u00bb4.21.0&Prime; _module_preset=\u00a0\u00bbdefault\u00a0\u00bb global_colors_info=\u00a0\u00bb{}\u00a0\u00bb theme_builder_area=\u00a0\u00bbpost_content\u00a0\u00bb][et_pb_column type=\u00a0\u00bb4_4&Prime; _builder_version=\u00a0\u00bb4.21.0&Prime; _module_preset=\u00a0\u00bbdefault\u00a0\u00bb global_colors_info=\u00a0\u00bb{}\u00a0\u00bb theme_builder_area=\u00a0\u00bbpost_content\u00a0\u00bb][et_pb_testimonial _builder_version=\u00a0\u00bb4.21.0&Prime; _module_preset=\u00a0\u00bbdefault\u00a0\u00bb background_color=\u00a0\u00bb#FFFFFF\u00a0\u00bb min_height=\u00a0\u00bb141px\u00a0\u00bb global_colors_info=\u00a0\u00bb{}\u00a0\u00bb theme_builder_area=\u00a0\u00bbpost_content\u00a0\u00bb]<\/p>\n<p style=\"font-weight: 400;\">\n<p style=\"font-weight: 400;\">\u00ab\u00a0In questa attivit\u00e0, la priorit\u00e0 per me \u00e8 che i bambini spendano energia parlando. Attraverso i vari esercizi, i bambini scopriranno i loro corpi con le sue capacit\u00e0 ma anche con i suoi limiti. Sono convinto che questo tipo di attivit\u00e0 porti numerosi benefici fisici ma anche numerosi benefici psicologici e psichici (evacuazione dallo stress, imparare a gestire situazioni nuove, il rispetto delle regole, il rispetto degli altri e lavorare insieme&#8230;). Sono attivit\u00e0 molto ludiche in cui i giovani si evolvono con sempre pi\u00f9 piacere, e anche l&rsquo;educatore!\u00a0\u00bb<\/p>\n<p style=\"font-weight: 400;\"><strong>Attivit\u00e0 \u00ab\u00a0Svaghi fisici\u00a0\u00bb animata da Thomas Lemerle<\/strong><\/p>\n<p>[\/et_pb_testimonial][\/et_pb_column][\/et_pb_row][\/et_pb_section][et_pb_section fb_built=\u00a0\u00bb1&Prime; _builder_version=\u00a0\u00bb4.21.0&Prime; _module_preset=\u00a0\u00bbdefault\u00a0\u00bb background_color=\u00a0\u00bbrgba(124,218,36,0.38)\u00a0\u00bb custom_padding=\u00a0\u00bb4px||10px|||\u00a0\u00bb animation_style=\u00a0\u00bbfade\u00a0\u00bb animation_duration=\u00a0\u00bb1700ms\u00a0\u00bb global_colors_info=\u00a0\u00bb{}\u00a0\u00bb theme_builder_area=\u00a0\u00bbpost_content\u00a0\u00bb][et_pb_row _builder_version=\u00a0\u00bb4.21.0&Prime; _module_preset=\u00a0\u00bbdefault\u00a0\u00bb global_colors_info=\u00a0\u00bb{}\u00a0\u00bb theme_builder_area=\u00a0\u00bbpost_content\u00a0\u00bb][et_pb_column type=\u00a0\u00bb4_4&Prime; _builder_version=\u00a0\u00bb4.21.0&Prime; _module_preset=\u00a0\u00bbdefault\u00a0\u00bb global_colors_info=\u00a0\u00bb{}\u00a0\u00bb theme_builder_area=\u00a0\u00bbpost_content\u00a0\u00bb][et_pb_testimonial _builder_version=\u00a0\u00bb4.21.0&Prime; _module_preset=\u00a0\u00bbdefault\u00a0\u00bb background_color=\u00a0\u00bb#FFFFFF\u00a0\u00bb min_height=\u00a0\u00bb141px\u00a0\u00bb global_colors_info=\u00a0\u00bb{}\u00a0\u00bb theme_builder_area=\u00a0\u00bbpost_content\u00a0\u00bb]<\/p>\n<p style=\"font-weight: 400;\">\u00ab\u00a0Un giardino per grandi e piccoli, per curiosi, per privati e gruppi. Un giardino per giardinaggio naturalmente, ma giardinaggio biologico e per imparare a armeggiare, a proteggere la natura. Un giardino anche per incontrarsi, divertirsi, informarsi, rilassarsi e sognare&#8230;<\/p>\n<p style=\"font-weight: 400;\">Attivit\u00e0 che vengono affrontate in modo ludico, sensoriale o artistico. Attivit\u00e0 orientate essenzialmente al contatto diretto con l&rsquo;ambiente. Attivit\u00e0 che privilegiano l&rsquo;alternanza tra accompagnamento e autonomia e tra tempo collettivo e individuale.<\/p>\n<p style=\"font-weight: 400;\">Attraverso un approccio collettivo, il giardino deve permettere a ciascuno di trovarvi un interesse, di trasmettere il proprio sapere e di imparare dagli altri. La diversit\u00e0 che ognuno di noi rappresenta ci occupa un posto privilegiato, poich\u00e9 essa \u00e8 all&rsquo;origine della comparsa di nuove idee sul soggetto della solidariet\u00e0.\u00a0\u00bb<\/p>\n<p style=\"font-weight: 400;\"><strong>Christian, animatore dell&rsquo;attivit\u00e0 Jardine<\/strong><\/p>\n<p>[\/et_pb_testimonial][\/et_pb_column][\/et_pb_row][\/et_pb_section][et_pb_section fb_built=\u00a0\u00bb1&Prime; _builder_version=\u00a0\u00bb4.21.0&Prime; _module_preset=\u00a0\u00bbdefault\u00a0\u00bb background_color=\u00a0\u00bbrgba(224,153,0,0.45)\u00a0\u00bb custom_padding=\u00a0\u00bb4px||10px|||\u00a0\u00bb animation_style=\u00a0\u00bbfade\u00a0\u00bb animation_duration=\u00a0\u00bb1700ms\u00a0\u00bb global_colors_info=\u00a0\u00bb{}\u00a0\u00bb theme_builder_area=\u00a0\u00bbpost_content\u00a0\u00bb][et_pb_row _builder_version=\u00a0\u00bb4.21.0&Prime; _module_preset=\u00a0\u00bbdefault\u00a0\u00bb global_colors_info=\u00a0\u00bb{}\u00a0\u00bb theme_builder_area=\u00a0\u00bbpost_content\u00a0\u00bb][et_pb_column type=\u00a0\u00bb4_4&Prime; _builder_version=\u00a0\u00bb4.21.0&Prime; _module_preset=\u00a0\u00bbdefault\u00a0\u00bb global_colors_info=\u00a0\u00bb{}\u00a0\u00bb theme_builder_area=\u00a0\u00bbpost_content\u00a0\u00bb][et_pb_testimonial _builder_version=\u00a0\u00bb4.21.0&Prime; _module_preset=\u00a0\u00bbdefault\u00a0\u00bb background_color=\u00a0\u00bb#FFFFFF\u00a0\u00bb min_height=\u00a0\u00bb141px\u00a0\u00bb global_colors_info=\u00a0\u00bb{}\u00a0\u00bb theme_builder_area=\u00a0\u00bbpost_content\u00a0\u00bb]<\/p>\n<p style=\"font-weight: 400;\">\u00ab\u00a0Ci ritroviamo il mercoled\u00ec per praticare il mosaico e le arti plastiche in generale (disegno, pittura, &#8230;). <span>Lavoriamo in piccoli gruppi sotto forma di laboratori: taglio di mosaico, collage, disegno del modello, pittura del supporto, &#8230;. <\/span>Si passa da un laboratorio all&rsquo;altro in funzione delle sue affinit\u00e0 e dei suoi desideri. Realizziamo progetti comuni: statue, affreschi, mobili, &#8230; O individuali: quadri, palle, scatole, specchi,&#8230;.<\/p>\n<p style=\"font-weight: 400;\">L&rsquo;obiettivo \u00e8 che ognuno possa divertirsi ed esprimere la propria creativit\u00e0 condividendo i propri talenti con gli altri, in piena libert\u00e0.\u00a0\u00bb<\/p>\n<p style=\"font-weight: 400;\"><strong>Attivit\u00e0 mosaico animata da Muriel Dintheer<\/strong><\/p>\n<p>[\/et_pb_testimonial][\/et_pb_column][\/et_pb_row][\/et_pb_section]<\/p>\n","protected":false},"excerpt":{"rendered":"<p>Relatori\u00a0\u00bbL&rsquo;obiettivo del workshop \u00e8 quello di praticare e scoprire il piacere della danza in un ambiente aperto a tutti. La danza mira all&rsquo;acquisizione di competenze e conoscenze utili per conoscere meglio il proprio corpo e utilizzarlo per esprimersi nel contesto della ricerca di un benessere attraverso la realizzazione di s\u00e9. L&rsquo;idea \u00e8 di sviluppare la [&hellip;]<\/p>\n","protected":false},"author":4,"featured_media":0,"parent":0,"menu_order":0,"comment_status":"closed","ping_status":"closed","template":"","meta":{"_et_pb_use_builder":"on","_et_pb_old_content":"","_et_gb_content_width":"","footnotes":""},"class_list":["post-742","page","type-page","status-publish","hentry"],"_links":{"self":[{"href":"https:\/\/uncopaincommelesautres.com\/uccla\/index.php\/wp-json\/wp\/v2\/pages\/742","targetHints":{"allow":["GET"]}}],"collection":[{"href":"https:\/\/uncopaincommelesautres.com\/uccla\/index.php\/wp-json\/wp\/v2\/pages"}],"about":[{"href":"https:\/\/uncopaincommelesautres.com\/uccla\/index.php\/wp-json\/wp\/v2\/types\/page"}],"author":[{"embeddable":true,"href":"https:\/\/uncopaincommelesautres.com\/uccla\/index.php\/wp-json\/wp\/v2\/users\/4"}],"replies":[{"embeddable":true,"href":"https:\/\/uncopaincommelesautres.com\/uccla\/index.php\/wp-json\/wp\/v2\/comments?post=742"}],"version-history":[{"count":8,"href":"https:\/\/uncopaincommelesautres.com\/uccla\/index.php\/wp-json\/wp\/v2\/pages\/742\/revisions"}],"predecessor-version":[{"id":2156,"href":"https:\/\/uncopaincommelesautres.com\/uccla\/index.php\/wp-json\/wp\/v2\/pages\/742\/revisions\/2156"}],"wp:attachment":[{"href":"https:\/\/uncopaincommelesautres.com\/uccla\/index.php\/wp-json\/wp\/v2\/media?parent=742"}],"curies":[{"name":"wp","href":"https:\/\/api.w.org\/{rel}","templated":true}]}}