{"id":794,"date":"2023-04-10T20:36:01","date_gmt":"2023-04-10T18:36:01","guid":{"rendered":"https:\/\/uncopaincommelesautres.com\/uccla\/?page_id=794"},"modified":"2023-05-19T23:47:52","modified_gmt":"2023-05-19T21:47:52","slug":"videos-falc","status":"publish","type":"page","link":"https:\/\/uncopaincommelesautres.com\/uccla\/index.php\/falc\/videos-falc\/","title":{"rendered":"Vid\u00e9os falc"},"content":{"rendered":"<p>[et_pb_section fb_built=\u00a0\u00bb1&Prime; _builder_version=\u00a0\u00bb4.20.4&Prime; _module_preset=\u00a0\u00bbdefault\u00a0\u00bb background_color=\u00a0\u00bb#edb18e\u00a0\u00bb min_height=\u00a0\u00bb74.8px\u00a0\u00bb custom_margin=\u00a0\u00bb||||false|false\u00a0\u00bb custom_padding=\u00a0\u00bb10px||10px||false|false\u00a0\u00bb global_colors_info=\u00a0\u00bb{}\u00a0\u00bb theme_builder_area=\u00a0\u00bbpost_content\u00a0\u00bb][et_pb_row _builder_version=\u00a0\u00bb4.20.4&Prime; _module_preset=\u00a0\u00bbdefault\u00a0\u00bb custom_margin=\u00a0\u00bb|auto|-15px|auto||\u00a0\u00bb custom_padding=\u00a0\u00bb40px||18px|||\u00a0\u00bb global_colors_info=\u00a0\u00bb{}\u00a0\u00bb theme_builder_area=\u00a0\u00bbpost_content\u00a0\u00bb][et_pb_column type=\u00a0\u00bb4_4&Prime; _builder_version=\u00a0\u00bb4.20.4&Prime; _module_preset=\u00a0\u00bbdefault\u00a0\u00bb global_colors_info=\u00a0\u00bb{}\u00a0\u00bb theme_builder_area=\u00a0\u00bbpost_content\u00a0\u00bb][et_pb_text _builder_version=\u00a0\u00bb4.20.4&Prime; _module_preset=\u00a0\u00bbdefault\u00a0\u00bb text_font=\u00a0\u00bbEnglebert||||||||\u00a0\u00bb text_text_color=\u00a0\u00bb#ed6e00&Prime; text_font_size=\u00a0\u00bb50px\u00a0\u00bb text_orientation=\u00a0\u00bbcenter\u00a0\u00bb global_colors_info=\u00a0\u00bb{}\u00a0\u00bb theme_builder_area=\u00a0\u00bbpost_content\u00a0\u00bb]<\/p>\n<p>Vid\u00e9os<\/p>\n<p>[\/et_pb_text][\/et_pb_column][\/et_pb_row][\/et_pb_section][et_pb_section fb_built=\u00a0\u00bb1&Prime; _builder_version=\u00a0\u00bb4.21.0&Prime; _module_preset=\u00a0\u00bbdefault\u00a0\u00bb background_color=\u00a0\u00bbrgba(252,213,184,0.28)\u00a0\u00bb global_colors_info=\u00a0\u00bb{}\u00a0\u00bb theme_builder_area=\u00a0\u00bbpost_content\u00a0\u00bb][et_pb_row _builder_version=\u00a0\u00bb4.21.0&Prime; _module_preset=\u00a0\u00bbdefault\u00a0\u00bb animation_style=\u00a0\u00bbfade\u00a0\u00bb animation_duration=\u00a0\u00bb1700ms\u00a0\u00bb global_colors_info=\u00a0\u00bb{}\u00a0\u00bb theme_builder_area=\u00a0\u00bbpost_content\u00a0\u00bb][et_pb_column type=\u00a0\u00bb4_4&Prime; _builder_version=\u00a0\u00bb4.21.0&Prime; _module_preset=\u00a0\u00bbdefault\u00a0\u00bb global_colors_info=\u00a0\u00bb{}\u00a0\u00bb theme_builder_area=\u00a0\u00bbpost_content\u00a0\u00bb][et_pb_text _builder_version=\u00a0\u00bb4.21.0&Prime; _module_preset=\u00a0\u00bbdefault\u00a0\u00bb text_font=\u00a0\u00bbPoppins||||||||\u00a0\u00bb text_text_color=\u00a0\u00bb#000000&Prime; text_font_size=\u00a0\u00bb19px\u00a0\u00bb global_colors_info=\u00a0\u00bb{}\u00a0\u00bb theme_builder_area=\u00a0\u00bbpost_content\u00a0\u00bb]<\/p>\n<p><span>Lipdub r\u00e9alis\u00e9 par l&rsquo;association Un Copain Comme les Autres sur la chanson \u00ab\u00a0Ose\u00a0\u00bb de Yannick Noah, \u00e0 l&rsquo;occasion des 10 ans de l&rsquo;association.<\/span><span class=\"yt-core-attributed-string--link-inherit-color\"><\/span><\/p>\n<p>[\/et_pb_text][\/et_pb_column][\/et_pb_row][et_pb_row _builder_version=\u00a0\u00bb4.21.0&Prime; _module_preset=\u00a0\u00bbdefault\u00a0\u00bb global_colors_info=\u00a0\u00bb{}\u00a0\u00bb theme_builder_area=\u00a0\u00bbpost_content\u00a0\u00bb][et_pb_column type=\u00a0\u00bb4_4&Prime; _builder_version=\u00a0\u00bb4.21.0&Prime; _module_preset=\u00a0\u00bbdefault\u00a0\u00bb global_colors_info=\u00a0\u00bb{}\u00a0\u00bb theme_builder_area=\u00a0\u00bbpost_content\u00a0\u00bb][et_pb_video src=\u00a0\u00bbhttps:\/\/youtu.be\/UermptU6w_4&Prime; _builder_version=\u00a0\u00bb4.21.0&Prime; _module_preset=\u00a0\u00bbdefault\u00a0\u00bb global_colors_info=\u00a0\u00bb{}\u00a0\u00bb theme_builder_area=\u00a0\u00bbpost_content\u00a0\u00bb][\/et_pb_video][\/et_pb_column][\/et_pb_row][\/et_pb_section]<\/p>\n","protected":false},"excerpt":{"rendered":"<p>Vid\u00e9osLipdub r\u00e9alis\u00e9 par l&rsquo;association Un Copain Comme les Autres sur la chanson \u00ab\u00a0Ose\u00a0\u00bb de Yannick Noah, \u00e0 l&rsquo;occasion des 10 ans de l&rsquo;association.<\/p>\n","protected":false},"author":4,"featured_media":0,"parent":0,"menu_order":0,"comment_status":"closed","ping_status":"closed","template":"","meta":{"_et_pb_use_builder":"on","_et_pb_old_content":"","_et_gb_content_width":"","footnotes":""},"class_list":["post-794","page","type-page","status-publish","hentry"],"_links":{"self":[{"href":"https:\/\/uncopaincommelesautres.com\/uccla\/index.php\/wp-json\/wp\/v2\/pages\/794","targetHints":{"allow":["GET"]}}],"collection":[{"href":"https:\/\/uncopaincommelesautres.com\/uccla\/index.php\/wp-json\/wp\/v2\/pages"}],"about":[{"href":"https:\/\/uncopaincommelesautres.com\/uccla\/index.php\/wp-json\/wp\/v2\/types\/page"}],"author":[{"embeddable":true,"href":"https:\/\/uncopaincommelesautres.com\/uccla\/index.php\/wp-json\/wp\/v2\/users\/4"}],"replies":[{"embeddable":true,"href":"https:\/\/uncopaincommelesautres.com\/uccla\/index.php\/wp-json\/wp\/v2\/comments?post=794"}],"version-history":[{"count":4,"href":"https:\/\/uncopaincommelesautres.com\/uccla\/index.php\/wp-json\/wp\/v2\/pages\/794\/revisions"}],"predecessor-version":[{"id":2055,"href":"https:\/\/uncopaincommelesautres.com\/uccla\/index.php\/wp-json\/wp\/v2\/pages\/794\/revisions\/2055"}],"wp:attachment":[{"href":"https:\/\/uncopaincommelesautres.com\/uccla\/index.php\/wp-json\/wp\/v2\/media?parent=794"}],"curies":[{"name":"wp","href":"https:\/\/api.w.org\/{rel}","templated":true}]}}